{"id":1043,"date":"2023-10-31T12:36:42","date_gmt":"2023-10-31T12:36:42","guid":{"rendered":"http:\/\/sreo.wpenginepowered.com\/?page_id=1043"},"modified":"2024-03-05T15:15:53","modified_gmt":"2024-03-05T15:15:53","slug":"esg","status":"publish","type":"page","link":"https:\/\/swissreo.com\/fr\/esg\/","title":{"rendered":"ESG"},"content":{"rendered":"\t<section  class=\"section hero hero-inner bg-grey-light\">\r\n\t\t<div class=\"intro\">\r\n\t\t\t\t\t\t\t<div class=\"container-fluid\">\r\n\t\t\t\t\t<div class=\"relative\">\r\n\t\t\t\t\t\t<div class=\"intro-visual\">\r\n\t\t\t\t\t\t\t\t\t<img\r\n\t\t\t\t\t\tsrc=\"\r\n\t\t\t\thttps:\/\/swissreo.com\/wp-content\/uploads\/2023\/12\/SREO_ESG-img01.jpg\"\r\n\t\t\t\tsrcset=\"https:\/\/swissreo.com\/wp-content\/uploads\/2023\/12\/SREO_ESG-img01.jpg 1x,\r\n\t\t\t\thttps:\/\/swissreo.com\/wp-content\/uploads\/2023\/12\/SREO_ESG-img01@2x.jpg 2x\r\n\t\t\t\t\t\t\t\"\r\n\t\t\talt=\"\"\r\n\t\t\/>\r\n\t\t\t\t\t\t\t<\/div>\r\n\t\t\t\t\t<\/div>\r\n\t\t\t\t<\/div>\r\n\t\t\t\t\t\t<div class=\"container-lg\">\r\n\t\t\t\t<div class=\"intro-content\" data-aos=\"fade-zoom-in\">\r\n\t\t\t\t\t<div class=\"heading\">\r\n\t\t\t\t\t\t\t\t\t\t\t\t\t<h1>\r\n\t\t\t\t\t\t\t\t<span\r\n\t\t\t\t\t\t\t\t\t>ESG\r\n\t\t\t\t\t\t\t\t\t<span class=\"decor decor-bottom-right3\">\r\n\t\t\t\t\t\t\t\t\t\t<svg width=\"383\" height=\"380\" viewBox=\"0 0 383 380\" fill=\"none\" xmlns=\"http:\/\/www.w3.org\/2000\/svg\">\r\n\t\t\t\t\t\t\t\t\t\t\t<path\r\n\t\t\t\t\t\t\t\t\t\t\t\tfill-rule=\"evenodd\"\r\n\t\t\t\t\t\t\t\t\t\t\t\tclip-rule=\"evenodd\"\r\n\t\t\t\t\t\t\t\t\t\t\t\td=\"M137.88 0H245.12V136.8H383V243.2H245.12V380H137.88V243.2H0V136.8H137.88V0Z\"\r\n\t\t\t\t\t\t\t\t\t\t\t\tfill=\"white\"\r\n\t\t\t\t\t\t\t\t\t\t\t\/>\r\n\t\t\t\t\t\t\t\t\t\t<\/svg>\r\n\t\t\t\t\t\t\t\t\t<\/span>\r\n\t\t\t\t\t\t\t\t<\/span>\r\n\t\t\t\t\t\t\t<\/h1>\r\n\t\t\t\t\t\t\t\t\t\t\t<\/div>\r\n\t\t\t\t<\/div>\r\n\t\t\t<\/div>\r\n\t\t<\/div>\r\n\t\t\t\t\t<div class=\"headchapter \" id=\"headchapter\" data-aos=\"fade-zoom-in\">\r\n\t\t\t\t<div class=\"container\">\r\n\t\t\t\t\t<div class=\"row\">\r\n\t\t\t\t\t\t<div class=\"col-12\">\r\n\t\t\t\t\t\t\t<div class=\"heading\">\r\n\t\t\t\t\t\t\t\t\t\t\t\t\t\t\t\t\t<div class=\"text text-xl\">\r\n\t\t\t\t\t\t\t\t\t\t<p>Nos responsabilit\u00e9s vont au-del\u00e0 de la simple recherche de rendements financiers. Nous nous engageons \u00e0 int\u00e9grer les principes ESG dans l&rsquo;ensemble de nos activit\u00e9s d&rsquo;investissement et de gestion, tout en cherchant \u00e0 concilier la performance financi\u00e8re avec des impacts positifs sur la soci\u00e9t\u00e9 et l&rsquo;environnement.<\/p>\n\t\t\t\t\t\t\t\t\t<\/div>\r\n\t\t\t\t\t\t\t\t\t\t\t\t\t\t\t<\/div>\r\n\t\t\t\t\t\t<\/div>\r\n\t\t\t\t\t<\/div>\r\n\t\t\t\t\t\t\t\t\t<\/div>\r\n\t\t\t<\/div>\r\n\t\t\t<\/section>\r\n\n\n\t<div  class=\"section keys-inner bg-grey-light\">\r\n\t\t<div class=\"container\">\r\n\t\t\t\t\t\t\t<div class=\"row two-col\" data-aos=\"fade-zoom-in\">\r\n\t\t\t\t\t\t\t\t\t\t\t<div class=\"col-12 col-lg-6\">\r\n\t\t\t\t\t\t\t<div class=\"text\">\r\n\t\t\t\t\t\t\t\t<p>Conscient de l&rsquo;impact significatif des secteurs bancaires, immobiliers et de gestion d&rsquo;actifs dans la r\u00e9solution des d\u00e9fis mondiaux en mati\u00e8re de durabilit\u00e9 tels que le changement climatique, SREO prend s\u00e9rieusement ses engagements en mati\u00e8re de responsabilit\u00e9 environnementale, de responsabilit\u00e9 sociale et de gouvernance d&rsquo;entreprise (ESG).<\/p>\n\t\t\t\t\t\t\t<\/div>\r\n\t\t\t\t\t\t<\/div>\r\n\t\t\t\t\t\t\t\t\t\t\t<div class=\"col-12 col-lg-6\">\r\n\t\t\t\t\t\t\t<div class=\"text\">\r\n\t\t\t\t\t\t\t\t<p>Les impacts du changement climatique, ainsi que les pr\u00e9occupations croissantes en mati\u00e8re d&rsquo;environnement et de droits de l&rsquo;homme, ont entra\u00een\u00e9 un paysage r\u00e9glementaire et concurrentiel en rapide \u00e9volution, qui nous affecte, ainsi que nos fournisseurs et nos clients. En r\u00e9ponse \u00e0 ces risques et opportunit\u00e9s \u00e9mergents, SREO s&rsquo;engage \u00e0 fa\u00e7onner des solutions appropri\u00e9es. Nous avons donc commenc\u00e9 \u00e0 d\u00e9finir un cadre de politique de gestion des risques ESG complet qui s&rsquo;appliquera ultimement \u00e0 l&rsquo;ensemble de nos transactions, services, produits financiers et activit\u00e9s.<\/p>\n\t\t\t\t\t\t\t<\/div>\r\n\t\t\t\t\t\t<\/div>\r\n\t\t\t\t\t\t\t\t\t<\/div>\r\n\t\t\t\t\t\t\t<div class=\"row\" data-aos=\"fade-zoom-in\">\r\n\t\t\t\t\t\t\t\t\t\t\t\t<div class=\"col-12 col-md-6 col-lg-3\">\r\n\t\t\t\t\t\t\t\t<div class=\"key-item\">\r\n\t\t\t\t\t\t\t\t\t\t\t\t\t\t\t\t\t\t\t<div class=\"ttl ttl-sms text-blue\"><p>Optimisation des moyens \u00e9nerg\u00e9tiques<\/p>\n<\/div>\r\n\t\t\t\t\t\t\t\t\t<p>Installation de panneaux solaires, \u00e9limination des \u00e9nergies grises, syst\u00e8me de r\u00e9cup\u00e9ration d&rsquo;eau.<\/p>\n\t\t\t\t\t\t\t\t<\/div>\r\n\t\t\t\t\t\t\t<\/div>\r\n\t\t\t\t\t\t\t\t\t\t\t\t\t<div class=\"col-12 col-md-6 col-lg-3\">\r\n\t\t\t\t\t\t\t\t<div class=\"key-item\">\r\n\t\t\t\t\t\t\t\t\t\t\t\t\t\t\t\t\t\t\t<div class=\"ttl ttl-sms text-blue\"><p>R\u00e9novations et isolations des b\u00e2timents<\/p>\n<\/div>\r\n\t\t\t\t\t\t\t\t\t<p>Pour r\u00e9pondre aux normes les plus exigentes.<\/p>\n\t\t\t\t\t\t\t\t<\/div>\r\n\t\t\t\t\t\t\t<\/div>\r\n\t\t\t\t\t\t\t\t\t\t\t\t\t<div class=\"col-12 col-md-6 col-lg-3\">\r\n\t\t\t\t\t\t\t\t<div class=\"key-item\">\r\n\t\t\t\t\t\t\t\t\t\t\t\t\t\t\t\t\t\t\t<div class=\"ttl ttl-sms text-blue\"><p>Controle des AuM gr\u00e2ce aux outils dedi\u00e9s<\/p>\n<\/div>\r\n\t\t\t\t\t\t\t\t\t<p>Les actifs sont monitor\u00e9 pour analyse<\/p>\n\t\t\t\t\t\t\t\t<\/div>\r\n\t\t\t\t\t\t\t<\/div>\r\n\t\t\t\t\t\t\t\t\t\t\t\t\t<div class=\"col-12 col-md-6 col-lg-3\">\r\n\t\t\t\t\t\t\t\t<div class=\"key-item\">\r\n\t\t\t\t\t\t\t\t\t\t\t\t\t\t\t\t\t\t\t<div class=\"ttl ttl-sms text-blue\"><p>R\u00e9novation ou construction labelis\u00e9es<\/p>\n<\/div>\r\n\t\t\t\t\t\t\t\t\t<p>Minergie, CECB, SNBS, BREEAM, LEED<\/p>\n\t\t\t\t\t\t\t\t<\/div>\r\n\t\t\t\t\t\t\t<\/div>\r\n\t\t\t\t\t\t\t\t\t\t<\/div>\r\n\t\t\t\t\t<\/div>\r\n\t<\/div>\r\n\n\n\t<div  class=\"section break top-image\">\r\n\t\t<div class=\"container-lg\" data-aos=\"fade-zoom-in\">\r\n\t\t\t<div class=\"break-image section-top-image\">\r\n\t\t\t\t\t\t\t\t\t<div class=\"img-holder\">\r\n\t\t\t\t\t\t\t\t<img\r\n\t\t\t\t\t\tsrc=\"\r\n\t\t\t\thttps:\/\/swissreo.com\/wp-content\/uploads\/2023\/12\/SREO_ESG-img02.jpg\"\r\n\t\t\t\tsrcset=\"https:\/\/swissreo.com\/wp-content\/uploads\/2023\/12\/SREO_ESG-img02.jpg 1x,\r\n\t\t\t\thttps:\/\/swissreo.com\/wp-content\/uploads\/2023\/12\/SREO_ESG-img02@2x.jpg 2x\r\n\t\t\t\t\t\t\t\"\r\n\t\t\talt=\"\"\r\n\t\t\/>\r\n\t\t\t\t\t\t<\/div>\r\n\t\t\t\t\t\t\t\t<div class=\"img-decor\">\r\n\t\t\t\t\t<span class=\"decor decor-bottom-right\">\r\n\t\t\t\t\t\t<svg width=\"383\" height=\"380\" viewBox=\"0 0 383 380\" fill=\"none\" xmlns=\"http:\/\/www.w3.org\/2000\/svg\">\r\n\t\t\t\t\t\t\t<path\r\n\t\t\t\t\t\t\t\tfill-rule=\"evenodd\"\r\n\t\t\t\t\t\t\t\tclip-rule=\"evenodd\"\r\n\t\t\t\t\t\t\t\td=\"M137.88 0H245.12V136.8H383V243.2H245.12V380H137.88V243.2H0V136.8H137.88V0Z\"\r\n\t\t\t\t\t\t\t\tfill=\"white\"\r\n\t\t\t\t\t\t\t\/>\r\n\t\t\t\t\t\t<\/svg>\r\n\t\t\t\t\t<\/span>\r\n\t\t\t\t<\/div>\r\n\t\t\t<\/div>\r\n\t\t<\/div>\r\n\t\t\t\t\t<div class=\"container-lg\" data-aos=\"fade-zoom-in\">\r\n\t\t\t\t<div class=\"row\">\r\n\t\t\t\t\t<div class=\"col-12\">\r\n\t\t\t\t\t\t<div class=\"heading\">\r\n\t\t\t\t\t\t\t<div class=\"h5 text-center\">\r\n\t\t\t\t\t\t\t\tDes objectifs ESG, des indicateurs et des mesures ont \u00e9t\u00e9 d\u00e9finis pour SREO, dans le but de donner \u00e0 nos \u00e9quipes les outils n\u00e9cessaires pour comprendre et \u00e9valuer les impacts pr\u00e9visibles de leurs d\u00e9cisions et, par cons\u00e9quent, leur permettre d&rsquo;ajuster leurs recommandations si n\u00e9cessaire.\t\t\t\t\t\t\t<\/div>\r\n\t\t\t\t\t\t<\/div>\r\n\t\t\t\t\t<\/div>\r\n\t\t\t\t<\/div>\r\n\t\t\t<\/div>\r\n\t\t\t<\/div>\r\n\n\n\t<section  class=\"section esg\">\r\n\t\t<div class=\"container\">\r\n\t\t\t\t\t\t\t<div class=\"esg-item\" data-aos=\"fade-zoom-in\">\r\n\t\t\t\t\t<div class=\"row\">\r\n\t\t\t\t\t\t\t\t\t\t\t\t\t\t<div class=\"col-12 col-md-6 col-lg-3\">\r\n\t\t\t\t\t\t\t\t\t<div class=\"key-item\">\r\n\t\t\t\t\t\t\t\t\t\t<div class=\"ttl ttl-sms\">Int\u00e9gration sociale, communication active et inclusion des utilisateurs dans chaque projet<\/div>\r\n\t\t\t\t\t\t\t\t\t<\/div>\r\n\t\t\t\t\t\t\t\t<\/div>\r\n\t\t\t\t\t\t\t\t\t\t\t\t\t\t\t<div class=\"col-12 col-md-6 col-lg-3\">\r\n\t\t\t\t\t\t\t\t\t<div class=\"key-item\">\r\n\t\t\t\t\t\t\t\t\t\t<div class=\"ttl ttl-sms\">\u00c9valuation et s\u00e9lection minutieuse des locataires, prestataires de services et partenaires commerciaux<\/div>\r\n\t\t\t\t\t\t\t\t\t<\/div>\r\n\t\t\t\t\t\t\t\t<\/div>\r\n\t\t\t\t\t\t\t\t\t\t\t\t\t\t\t<div class=\"col-12 col-md-6 col-lg-3\">\r\n\t\t\t\t\t\t\t\t\t<div class=\"key-item\">\r\n\t\t\t\t\t\t\t\t\t\t<div class=\"ttl ttl-sms\">Processus de lutte contre le blanchiment d&rsquo;argent, application de la loi FATCA<\/div>\r\n\t\t\t\t\t\t\t\t\t<\/div>\r\n\t\t\t\t\t\t\t\t<\/div>\r\n\t\t\t\t\t\t\t\t\t\t\t\t\t\t\t<div class=\"col-12 col-md-6 col-lg-3\">\r\n\t\t\t\t\t\t\t\t\t<div class=\"key-item\">\r\n\t\t\t\t\t\t\t\t\t\t<div class=\"ttl ttl-sms\">Pouvoir d\u00e9cisionnel partag\u00e9 et contr\u00f4l\u00e9 entre Arab Bank Switzerland et Swissroc<\/div>\r\n\t\t\t\t\t\t\t\t\t<\/div>\r\n\t\t\t\t\t\t\t\t<\/div>\r\n\t\t\t\t\t\t\t\t\t\t\t\t<\/div>\r\n\t\t\t\t<\/div>\r\n\t\t\t\t\t\t\t<div class=\"esg-item\" data-aos=\"fade-zoom-in\">\r\n\t\t\t\t\t<div class=\"row\">\r\n\t\t\t\t\t\t<div class=\"col-12\">\r\n\t\t\t\t\t\t\t<div class=\"heading\">\r\n\t\t\t\t\t\t\t\t\t\t\t\t\t\t\t\t\t<h5>Swissroc Asset Management, fort d&rsquo;une \u00e9quipe de gestionnaires exp\u00e9riment\u00e9s et experts en mati\u00e8re d&rsquo;ESG, assurera la gestion des actifs de SREO.<\/h5>\r\n\t\t\t\t\t\t\t\t\t\t\t\t\t\t\t\t\t<div class=\"text\">\r\n\t\t\t\t\t\t\t\t\t\t<p>Nos gestionnaires d&rsquo;actifs ont d\u00e9j\u00e0 pilot\u00e9 avec succ\u00e8s la transformation, conforme aux normes, de nombreux actifs au sein de divers portefeuilles. Leur expertise acquise dans ces exp\u00e9riences constitue un atout majeur pour la gestion des actifs de SREO.<\/p>\n\t\t\t\t\t\t\t\t\t<\/div>\r\n\t\t\t\t\t\t\t\t\t\t\t\t\t\t\t<\/div>\r\n\t\t\t\t\t\t<\/div>\r\n\t\t\t\t\t<\/div>\r\n\t\t\t\t<\/div>\r\n\t\t\t\t\t\t\t<div class=\"esg-item\" data-aos=\"fade-zoom-in\">\r\n\t\t\t\t\t\t\t\t\t\t\t<div class=\"row\">\r\n\t\t\t\t\t\t\t<div class=\"col-12\">\r\n\t\t\t\t\t\t\t\t<div class=\"heading\">\r\n\t\t\t\t\t\t\t\t\t<h4 class=\"text-primary\">Track record<\/h4>\r\n\t\t\t\t\t\t\t\t<\/div>\r\n\t\t\t\t\t\t\t<\/div>\r\n\t\t\t\t\t\t<\/div>\r\n\t\t\t\t\t\t\t\t\t\t\t<div class=\"row\">\r\n\t\t\t\t\t\t\t\t\t\t\t\t\t\t\t\t<div class=\"col-12 col-md-6 col-lg-3\">\r\n\t\t\t\t\t\t\t\t\t\t<div class=\"key-item\">\r\n\t\t\t\t\t\t\t\t\t\t\tInstallation de panneaux solaires sur l&rsquo;ensemble de son portefeuille. Ex. 10&rsquo;000 m2 de panneaux solaires install\u00e9s r\u00e9cemment sur une halle industrielle \u00e0 Bulle\t\t\t\t\t\t\t\t\t\t<\/div>\r\n\t\t\t\t\t\t\t\t\t<\/div>\r\n\t\t\t\t\t\t\t\t\t\t\t\t\t\t\t\t\t<div class=\"col-12 col-md-6 col-lg-3\">\r\n\t\t\t\t\t\t\t\t\t\t<div class=\"key-item\">\r\n\t\t\t\t\t\t\t\t\t\t\tViser l&rsquo;obtention de labels suisses reconnus (Minergie, SNBS, CECB, etc.) sur les nouveaux b\u00e2timents et les b\u00e2timents r\u00e9nov\u00e9s du portefeuille. Ex. Un b\u00e2timent en d\u00e9veloppement \u00e0 D\u00fcdingen r\u00e9pond aux normes du label Minergie P .\t\t\t\t\t\t\t\t\t\t<\/div>\r\n\t\t\t\t\t\t\t\t\t<\/div>\r\n\t\t\t\t\t\t\t\t\t\t\t\t\t\t\t\t\t<div class=\"col-12 col-md-6 col-lg-3\">\r\n\t\t\t\t\t\t\t\t\t\t<div class=\"key-item\">\r\n\t\t\t\t\t\t\t\t\t\t\t\u00c9troite collaboration avec des experts locaux pour l&rsquo;\u00e9valuation \u00e9nerg\u00e9tique des b\u00e2timents, la r\u00e9alisation ou la r\u00e9novation des travaux, ainsi que le suivi des impacts environnementaux.\t\t\t\t\t\t\t\t\t\t<\/div>\r\n\t\t\t\t\t\t\t\t\t<\/div>\r\n\t\t\t\t\t\t\t\t\t\t\t\t\t\t\t\t\t<div class=\"col-12 col-md-6 col-lg-3\">\r\n\t\t\t\t\t\t\t\t\t\t<div class=\"key-item\">\r\n\t\t\t\t\t\t\t\t\t\t\tProcessus rigoureux de lutte contre le blanchiment d&rsquo;argent. Contr\u00f4le complet de la cha\u00eene de prise de d\u00e9cision. Gestion \u00e9thique des relations avec toutes les parties prenantes.\t\t\t\t\t\t\t\t\t\t<\/div>\r\n\t\t\t\t\t\t\t\t\t<\/div>\r\n\t\t\t\t\t\t\t\t\t\t\t\t\t\t<\/div>\r\n\t\t\t\t\t\t\t\t\t<\/div>\r\n\t\t\t\t\t<\/div>\r\n\t<\/section>\r\n\n\n\t<section  class=\"section cta bg-cream\" data-aos=\"fade-zoom-in\">\r\n\t\t<div class=\"container\">\r\n\t\t\t<div class=\"row\">\r\n\t\t\t\t<div class=\"col-12\">\r\n\t\t\t\t\t<div class=\"heading text-center\">\r\n\t\t\t\t\t\t\t\t\t\t\t\t\t<h3 class=\"light\">Pour plus d&rsquo;information<\/h3>\r\n\t\t\t\t\t\t<a href=\"\/fr\/contact\/#anchor-contact-form\" class=\"btn btn-primary\">Pour plus d&rsquo;information <\/a>\t\t\t\t\t<\/div>\r\n\t\t\t\t<\/div>\r\n\t\t\t<\/div>\r\n\t\t<\/div>\r\n\t<\/section>\r\n","protected":false},"excerpt":{"rendered":"","protected":false},"author":1,"featured_media":0,"parent":0,"menu_order":0,"comment_status":"closed","ping_status":"closed","template":"templates\/custom-template.php","meta":{"_acf_changed":false,"footnotes":""},"class_list":["post-1043","page","type-page","status-publish","hentry"],"acf":[],"yoast_head":"<!-- This site is optimized with the Yoast SEO plugin v25.7 - https:\/\/yoast.com\/wordpress\/plugins\/seo\/ -->\n<title>ESG - SREO<\/title>\n<meta name=\"description\" content=\"Nous nous engageons \u00e0 int\u00e9grer les principes ESG dans l&#039;ensemble de nos activit\u00e9s d&#039;investissement et de gestion.\" \/>\n<meta name=\"robots\" content=\"index, follow, max-snippet:-1, max-image-preview:large, max-video-preview:-1\" \/>\n<link rel=\"canonical\" href=\"https:\/\/swissreo.com\/fr\/esg\/\" \/>\n<meta property=\"og:locale\" content=\"fr_FR\" \/>\n<meta property=\"og:type\" content=\"article\" \/>\n<meta property=\"og:title\" content=\"ESG - SREO\" \/>\n<meta property=\"og:description\" content=\"Nous nous engageons \u00e0 int\u00e9grer les principes ESG dans l&#039;ensemble de nos activit\u00e9s d&#039;investissement et de gestion.\" \/>\n<meta property=\"og:url\" content=\"https:\/\/swissreo.com\/fr\/esg\/\" \/>\n<meta property=\"og:site_name\" content=\"SREO\" \/>\n<meta property=\"article:modified_time\" content=\"2024-03-05T15:15:53+00:00\" \/>\n<meta property=\"og:image\" content=\"https:\/\/swissreo.com\/wp-content\/uploads\/2023\/11\/Social-Graph.jpg\" \/>\n\t<meta property=\"og:image:width\" content=\"1200\" \/>\n\t<meta property=\"og:image:height\" content=\"630\" \/>\n\t<meta property=\"og:image:type\" content=\"image\/jpeg\" \/>\n<meta name=\"twitter:card\" content=\"summary_large_image\" \/>\n<script type=\"application\/ld+json\" class=\"yoast-schema-graph\">{\"@context\":\"https:\/\/schema.org\",\"@graph\":[{\"@type\":\"WebPage\",\"@id\":\"https:\/\/swissreo.com\/fr\/esg\/\",\"url\":\"https:\/\/swissreo.com\/fr\/esg\/\",\"name\":\"ESG - SREO\",\"isPartOf\":{\"@id\":\"https:\/\/swissreo.com\/fr\/#website\"},\"datePublished\":\"2023-10-31T12:36:42+00:00\",\"dateModified\":\"2024-03-05T15:15:53+00:00\",\"description\":\"Nous nous engageons \u00e0 int\u00e9grer les principes ESG dans l'ensemble de nos activit\u00e9s d'investissement et de gestion.\",\"breadcrumb\":{\"@id\":\"https:\/\/swissreo.com\/fr\/esg\/#breadcrumb\"},\"inLanguage\":\"fr-FR\",\"potentialAction\":[{\"@type\":\"ReadAction\",\"target\":[\"https:\/\/swissreo.com\/fr\/esg\/\"]}]},{\"@type\":\"BreadcrumbList\",\"@id\":\"https:\/\/swissreo.com\/fr\/esg\/#breadcrumb\",\"itemListElement\":[{\"@type\":\"ListItem\",\"position\":1,\"name\":\"Home\",\"item\":\"https:\/\/swissreo.com\/fr\/\"},{\"@type\":\"ListItem\",\"position\":2,\"name\":\"ESG\"}]},{\"@type\":\"WebSite\",\"@id\":\"https:\/\/swissreo.com\/fr\/#website\",\"url\":\"https:\/\/swissreo.com\/fr\/\",\"name\":\"SREO\",\"description\":\"\",\"publisher\":{\"@id\":\"https:\/\/swissreo.com\/fr\/#organization\"},\"potentialAction\":[{\"@type\":\"SearchAction\",\"target\":{\"@type\":\"EntryPoint\",\"urlTemplate\":\"https:\/\/swissreo.com\/fr\/?s={search_term_string}\"},\"query-input\":{\"@type\":\"PropertyValueSpecification\",\"valueRequired\":true,\"valueName\":\"search_term_string\"}}],\"inLanguage\":\"fr-FR\"},{\"@type\":\"Organization\",\"@id\":\"https:\/\/swissreo.com\/fr\/#organization\",\"name\":\"Swiss Real Estate Opportunities\",\"url\":\"https:\/\/swissreo.com\/fr\/\",\"logo\":{\"@type\":\"ImageObject\",\"inLanguage\":\"fr-FR\",\"@id\":\"https:\/\/swissreo.com\/fr\/#\/schema\/logo\/image\/\",\"url\":\"https:\/\/swissreo.com\/wp-content\/uploads\/2024\/02\/sreo-logo.png\",\"contentUrl\":\"https:\/\/swissreo.com\/wp-content\/uploads\/2024\/02\/sreo-logo.png\",\"width\":696,\"height\":696,\"caption\":\"Swiss Real Estate Opportunities\"},\"image\":{\"@id\":\"https:\/\/swissreo.com\/fr\/#\/schema\/logo\/image\/\"}}]}<\/script>\n<!-- \/ Yoast SEO plugin. -->","yoast_head_json":{"title":"ESG - SREO","description":"Nous nous engageons \u00e0 int\u00e9grer les principes ESG dans l'ensemble de nos activit\u00e9s d'investissement et de gestion.","robots":{"index":"index","follow":"follow","max-snippet":"max-snippet:-1","max-image-preview":"max-image-preview:large","max-video-preview":"max-video-preview:-1"},"canonical":"https:\/\/swissreo.com\/fr\/esg\/","og_locale":"fr_FR","og_type":"article","og_title":"ESG - SREO","og_description":"Nous nous engageons \u00e0 int\u00e9grer les principes ESG dans l'ensemble de nos activit\u00e9s d'investissement et de gestion.","og_url":"https:\/\/swissreo.com\/fr\/esg\/","og_site_name":"SREO","article_modified_time":"2024-03-05T15:15:53+00:00","og_image":[{"width":1200,"height":630,"url":"https:\/\/swissreo.com\/wp-content\/uploads\/2023\/11\/Social-Graph.jpg","type":"image\/jpeg"}],"twitter_card":"summary_large_image","schema":{"@context":"https:\/\/schema.org","@graph":[{"@type":"WebPage","@id":"https:\/\/swissreo.com\/fr\/esg\/","url":"https:\/\/swissreo.com\/fr\/esg\/","name":"ESG - SREO","isPartOf":{"@id":"https:\/\/swissreo.com\/fr\/#website"},"datePublished":"2023-10-31T12:36:42+00:00","dateModified":"2024-03-05T15:15:53+00:00","description":"Nous nous engageons \u00e0 int\u00e9grer les principes ESG dans l'ensemble de nos activit\u00e9s d'investissement et de gestion.","breadcrumb":{"@id":"https:\/\/swissreo.com\/fr\/esg\/#breadcrumb"},"inLanguage":"fr-FR","potentialAction":[{"@type":"ReadAction","target":["https:\/\/swissreo.com\/fr\/esg\/"]}]},{"@type":"BreadcrumbList","@id":"https:\/\/swissreo.com\/fr\/esg\/#breadcrumb","itemListElement":[{"@type":"ListItem","position":1,"name":"Home","item":"https:\/\/swissreo.com\/fr\/"},{"@type":"ListItem","position":2,"name":"ESG"}]},{"@type":"WebSite","@id":"https:\/\/swissreo.com\/fr\/#website","url":"https:\/\/swissreo.com\/fr\/","name":"SREO","description":"","publisher":{"@id":"https:\/\/swissreo.com\/fr\/#organization"},"potentialAction":[{"@type":"SearchAction","target":{"@type":"EntryPoint","urlTemplate":"https:\/\/swissreo.com\/fr\/?s={search_term_string}"},"query-input":{"@type":"PropertyValueSpecification","valueRequired":true,"valueName":"search_term_string"}}],"inLanguage":"fr-FR"},{"@type":"Organization","@id":"https:\/\/swissreo.com\/fr\/#organization","name":"Swiss Real Estate Opportunities","url":"https:\/\/swissreo.com\/fr\/","logo":{"@type":"ImageObject","inLanguage":"fr-FR","@id":"https:\/\/swissreo.com\/fr\/#\/schema\/logo\/image\/","url":"https:\/\/swissreo.com\/wp-content\/uploads\/2024\/02\/sreo-logo.png","contentUrl":"https:\/\/swissreo.com\/wp-content\/uploads\/2024\/02\/sreo-logo.png","width":696,"height":696,"caption":"Swiss Real Estate Opportunities"},"image":{"@id":"https:\/\/swissreo.com\/fr\/#\/schema\/logo\/image\/"}}]}},"_links":{"self":[{"href":"https:\/\/swissreo.com\/fr\/wp-json\/wp\/v2\/pages\/1043","targetHints":{"allow":["GET"]}}],"collection":[{"href":"https:\/\/swissreo.com\/fr\/wp-json\/wp\/v2\/pages"}],"about":[{"href":"https:\/\/swissreo.com\/fr\/wp-json\/wp\/v2\/types\/page"}],"author":[{"embeddable":true,"href":"https:\/\/swissreo.com\/fr\/wp-json\/wp\/v2\/users\/1"}],"replies":[{"embeddable":true,"href":"https:\/\/swissreo.com\/fr\/wp-json\/wp\/v2\/comments?post=1043"}],"version-history":[{"count":0,"href":"https:\/\/swissreo.com\/fr\/wp-json\/wp\/v2\/pages\/1043\/revisions"}],"wp:attachment":[{"href":"https:\/\/swissreo.com\/fr\/wp-json\/wp\/v2\/media?parent=1043"}],"curies":[{"name":"wp","href":"https:\/\/api.w.org\/{rel}","templated":true}]}}