{"id":2214,"date":"2024-02-19T09:45:52","date_gmt":"2024-02-19T09:45:52","guid":{"rendered":"https:\/\/sreo.wpenginepowered.com\/politique-de-confidentialite\/"},"modified":"2024-02-23T08:28:04","modified_gmt":"2024-02-23T08:28:04","slug":"conditions-dutilisation","status":"publish","type":"page","link":"https:\/\/swissreo.com\/fr\/conditions-dutilisation\/","title":{"rendered":"Conditions d&rsquo;utilisation"},"content":{"rendered":"\n<p>Pour naviguer sur ce site web (le \u00ab site web \u00bb), veuillez lire attentivement les conditions d&rsquo;utilisation suivantes (les \u00ab Conditions d&rsquo;Utilisation \u00bb) et confirmer votre lieu de r\u00e9sidence et votre statut r\u00e9glementaire d&rsquo;investisseur. Les investisseurs non qualifi\u00e9s seront automatiquement redirig\u00e9s vers le site web du groupe Swissroc.<\/p>\n\n\n\n<p>Les conditions d&rsquo;utilisation et toute autre modalit\u00e9 apparaissant sur la page \u00e0 partir de laquelle vous avez \u00e9t\u00e9 dirig\u00e9 vers ces conditions d&rsquo;utilisation r\u00e9gissent votre utilisation de ce site web.<\/p>\n\n\n\n<p>En acc\u00e9dant au site web, chaque utilisateur confirme avoir lu, compris et accept\u00e9 les Conditions d&rsquo;Utilisation \u00e9nonc\u00e9es ci-dessous.<\/p>\n\n\n\n<p><strong>Vous confirmez \u00e9galement avoir l\u2019un des statuts d\u2019investisseurs ci-dessous&nbsp;:<\/strong><\/p>\n\n\n\n<ul class=\"wp-block-list\">\n<li>Investisseur professionnel au sens de la Directive 2014\/65\/UE du Parlement europ\u00e9en et du Conseil du 15 mai 2014 sur les march\u00e9s d&rsquo;instruments financiers<\/li>\n\n\n\n<li>Investisseurs avertis au sens de la loi luxembourgeoise du 13 f\u00e9vrier 2007 relative aux fonds d&rsquo;investissement sp\u00e9cialis\u00e9s<\/li>\n\n\n\n<li>Investisseurs qualifi\u00e9s conform\u00e9ment \u00e0 la Loi suisse sur les placements collectifs de capitaux du 23 juin 2006 (LPCC)<\/li>\n<\/ul>\n\n\n\n<p><strong><u>SWISS REAL ESTATE OPPORTUNITIES (d\u00e9sign\u00e9 ci-apr\u00e8s par \u00ab SREO \u00bb)<\/u><\/strong><\/p>\n\n\n\n<p>SREO est un compartiment (sous-fonds) de AB Alternative Fund SICAV-SIF SA (\u00ab ABAF \u00bb), une soci\u00e9t\u00e9 d&rsquo;investissement luxembourgeoise \u00e0 capital variable (soci\u00e9t\u00e9 d&rsquo;investissement \u00e0 capital variable) qualifiant en tant que fonds d&rsquo;investissement sp\u00e9cialis\u00e9 et constitu\u00e9e sous la forme juridique d&rsquo;une soci\u00e9t\u00e9 anonyme luxembourgeoise, autoris\u00e9e et supervis\u00e9e par la Commission de Surveillance du Secteur Financier du Luxembourg (CSSF).<\/p>\n\n\n\n<p>Ni ABAF ni SREO ne sont soumis \u00e0 l&rsquo;autorisation ou \u00e0 la supervision de l&rsquo;Autorit\u00e9 f\u00e9d\u00e9rale de surveillance des march\u00e9s financiers suisse (FINMA). Ni ABAF ni SREO ne rel\u00e8vent du champ d&rsquo;application de la Loi f\u00e9d\u00e9rale suisse sur les placements collectifs de capitaux du 23 juin 2006, telle que modifi\u00e9e (la \u00ab LPCC \u00bb). Par cons\u00e9quent, les investisseurs dans SREO ne b\u00e9n\u00e9ficient pas de la protection sp\u00e9cifique pr\u00e9vue par la LPCC.<\/p>\n\n\n\n<p>Le contenu de ce site est fourni \u00e0 des fins d&rsquo;information g\u00e9n\u00e9rale uniquement. Ce site internet propose une description sommaire de SREO. SREO est soumis \u00e0 des conditions g\u00e9n\u00e9rales et \u00e0 des documents juridiques sp\u00e9cifiques suppl\u00e9mentaires tels que d\u00e9crits dans la note d&rsquo;information d&rsquo;ABAF et les documents constitutifs, ainsi que dans les documents de souscription de SREO (\u00ab Documents juridiques de SREO \u00bb), qui s&rsquo;appliqueront en plus des pr\u00e9sentes conditions d&rsquo;utilisation. En cas d&rsquo;incoh\u00e9rences entre tout contenu de ce site et les documents juridiques de SREO, les documents juridiques de SREO pr\u00e9vaudront.<\/p>\n\n\n\n<p><strong><u>AUCUN CONSEIL EN MATI\u00c8RE D\u2019INVESTISSEMENT, JURIDIQUE, FISCAL OU AUTRE<\/u><\/strong><\/p>\n\n\n\n<p>Le contenu de ce site a \u00e9t\u00e9 produit et mis \u00e0 disposition en Suisse par ARAB BANK (SWITZERLAND) LTD (\u00ab ABS \u00bb) et Swissroc Asset Management SA (\u00ab SRAM \u00bb) avec le plus grand soin et sur la base d&rsquo;informations disponibles publiquement, de donn\u00e9es d\u00e9velopp\u00e9es en interne et d&rsquo;autres sources jug\u00e9es fiables.<\/p>\n\n\n\n<p>Les informations sont fournies \u00e0 des fins d&rsquo;information g\u00e9n\u00e9rale uniquement. Les investisseurs potentiels dans SREO ne doivent pas consid\u00e9rer les informations contenues sur le site comme des conseils en mati\u00e8re juridique, fiscale ou d&rsquo;investissement. Avant de prendre toute d\u00e9cision d&rsquo;investissement, les investisseurs potentiels sont invit\u00e9s \u00e0 examiner les documents juridiques de SREO et \u00e0 consulter leurs propres conseillers professionnels.<\/p>\n\n\n\n<p><strong><u>AUCUNE OFFRE OU SOLICITATION<\/u><\/strong><\/p>\n\n\n\n<p>Aucune partie du pr\u00e9sent document ne constitue une proposition d&rsquo;achat ou de souscription, ni une invitation, une incitation ou une sollicitation \u00e0 souscrire ou acheter des titres de SREO, ou \u00e0 participer de quelque mani\u00e8re que ce soit \u00e0 une activit\u00e9 d&rsquo;investissement. Rien dans le pr\u00e9sent document ne constitue la base d&rsquo;un contrat ou d&rsquo;un engagement quelconque.<\/p>\n\n\n\n<p>SREO ne sera propos\u00e9 qu&rsquo;aux investisseurs \u00e9ligibles (tels que d\u00e9finis ci-dessous) au Luxembourg et en Suisse, et rien de ce qui est contenu ici ne constitue une offre ou une sollicitation \u00e0 quiconque dans une juridiction o\u00f9 une telle offre n&rsquo;est pas autoris\u00e9e ou \u00e0 quiconque il est ill\u00e9gal de faire une telle offre ou sollicitation. Il incombe \u00e0 chaque personne qui acc\u00e8de et utilise ce site de se tenir inform\u00e9e et de se conformer \u00e0 de telles restrictions. Lorsque de telles restrictions s&rsquo;appliquent, les utilisateurs ne doivent pas acc\u00e9der au site.<\/p>\n\n\n\n<p>De plus, la divulgation de toute information et l&rsquo;offre de vente de SREO peuvent \u00eatre encore restreintes par les lois et r\u00e9glementations locales dans certains pays, en particulier de telles activit\u00e9s seraient ill\u00e9gales dans de nombreux pays o\u00f9 les autorit\u00e9s de supervision locales n&rsquo;ont pas \u00e9t\u00e9 notifi\u00e9es en cons\u00e9quence ou les autorisations requises n&rsquo;ont pas \u00e9t\u00e9 obtenues. Cela s&rsquo;applique en particulier aux citoyens ou r\u00e9sidents des \u00c9tats-Unis d&rsquo;Am\u00e9rique. Ni les informations contenues sur le site web ni toute copie de celles-ci ne peuvent \u00eatre diffus\u00e9es, communiqu\u00e9es ou distribu\u00e9es aux \u00c9tats-Unis d&rsquo;Am\u00e9rique ou \u00e0 tout citoyen ou r\u00e9sident de ceux-ci.<\/p>\n\n\n\n<p>Les investissements dans SREO ne peuvent \u00eatre effectu\u00e9s que sur la base de la derni\u00e8re version des documents juridiques de SREO approuv\u00e9e par la Commission de Surveillance du Secteur Financier du Luxembourg.<\/p>\n\n\n\n<p><strong><u>INVESTISSEURS \u00c9LIGIBLES<\/u><\/strong><\/p>\n\n\n\n<p>SREO est r\u00e9serv\u00e9 \u00e0 l&rsquo;investissement par, et par cons\u00e9quent les informations contenues sur le site web sont dirig\u00e9es uniquement vers, les investisseurs potentiels r\u00e9pondant \u00e0 l&rsquo;un des crit\u00e8res suivants : (i) investisseurs professionnels au sens de la Directive 2014\/65\/UE du Parlement europ\u00e9en et du Conseil du 15 mai 2014 sur les march\u00e9s d&rsquo;instruments financiers, telle que modifi\u00e9e, (ii) investisseurs avertis au sens de la loi luxembourgeoise du 13 f\u00e9vrier 2007 relative aux fonds d&rsquo;investissement sp\u00e9cialis\u00e9s, telle que modifi\u00e9e et\/ou (iii) investisseurs qualifi\u00e9s conform\u00e9ment \u00e0 la LPCC (\u00ab Investisseurs \u00e9ligibles \u00bb).<\/p>\n\n\n\n<p><strong><u>PERFORMANCE<\/u><\/strong><\/p>\n\n\n\n<p>Toute information sur le site web concernant la performance de tout produit d&rsquo;investissement se r\u00e9f\u00e8re \u00e0 la performance pass\u00e9e et ne constitue pas une indication de la performance future de ce produit d&rsquo;investissement ou de tout autre produit d&rsquo;investissement. Il est soulign\u00e9 que les investissements dans tout produit d&rsquo;investissement sont soumis \u00e0 de nombreux facteurs de risque tels que d\u00e9crits dans les documents d&rsquo;offre du produit d&rsquo;investissement pertinent.<\/p>\n\n\n\n<p>En tout \u00e9tat de cause, la performance pass\u00e9e ne constituera en aucun cas une d\u00e9claration officielle ou une recommandation de la part d&rsquo;ABS, de SRAM, d&rsquo;ABAF ou de SREO. Les performances pass\u00e9es affich\u00e9es sur ce site web sont fournies \u00e0 titre d&rsquo;information uniquement et ne sont pas des indicateurs fiables de la performance future. La valeur d&rsquo;un investissement dans tout produit d&rsquo;investissement peut augmenter ou diminuer et il existe une possibilit\u00e9 de perte totale ou partielle du capital investi.<\/p>\n\n\n\n<p><strong><u>LIMITATION DE RESPONSABILIT\u00c9<\/u><\/strong><\/p>\n\n\n\n<p>Chaque utilisateur assume enti\u00e8rement les risques li\u00e9s \u00e0 l&rsquo;utilisation de toute information ou mat\u00e9riel disponible sur ce site Web. ABS, SRAM, ABAF et SREO, ainsi que leurs fournisseurs de donn\u00e9es, d\u00e9clinent express\u00e9ment toute responsabilit\u00e9 dans la mesure permise par les lois et r\u00e9glementations applicables, pour toute perte ou dommage de quelque nature que ce soit d\u00e9coulant de l&rsquo;acc\u00e8s, de l&rsquo;utilisation ou de la navigation sur le site web, ainsi que de l&rsquo;utilisation des informations qui y sont contenues.<\/p>\n\n\n\n<p>Il incombe \u00e0 chaque utilisateur de veiller \u00e0 ce que tout produit d&rsquo;investissement, service ou information disponible sur ce site web r\u00e9ponde \u00e0 ses besoins sp\u00e9cifiques. En outre, chacun d&rsquo;ABS, de SRAM, d&rsquo;ABAF et de SREO exclut toute responsabilit\u00e9 pour toute perte ou dommage de quelque nature que ce soit &#8211; qu&rsquo;il soit direct, indirect ou cons\u00e9cutif &#8211; pouvant \u00eatre encouru en raison de (i) l&rsquo;utilisation ou l&rsquo;acc\u00e8s \u00e0 ce site web ou \u00e0 tout lien vers des sites web tiers ou (ii) de toute manipulation du syst\u00e8me informatique de l&rsquo;utilisateur par des parties non autoris\u00e9es. Les utilisateurs doivent \u00eatre conscients du danger des virus, des logiciels malveillants et des logiciels espions ainsi que de la possibilit\u00e9 d&rsquo;attaques de hackers cibl\u00e9es. Il est conseill\u00e9 d&rsquo;installer un logiciel antivirus continuellement mis \u00e0 jour pour pr\u00e9venir les infections. Les e-mails provenant d&rsquo;exp\u00e9diteurs inconnus ainsi que toute pi\u00e8ce jointe inattendue ne doivent jamais \u00eatre ouverts.<\/p>\n\n\n\n<p>Ni ABS, SRAM, ABAF et SREO ni aucun tiers ne fournissent de garantie ou d&rsquo;assurance quant \u00e0 l&rsquo;exhaustivit\u00e9, \u00e0 l&rsquo;actualit\u00e9 ou \u00e0 l&rsquo;ad\u00e9quation des informations fournies ici.<\/p>\n\n\n\n<p>MODIFICATIONS ET R\u00c9SILIATION<\/p>\n\n\n\n<p>ABS et SRAM se r\u00e9servent le droit d&rsquo;apporter des modifications ou des ajouts, et d&rsquo;interrompre ou de r\u00e9silier le site web \u00e0 tout moment et sans pr\u00e9avis.<\/p>\n\n\n\n<p>CONFIDENTIALIT\u00c9 ET DROITS D&rsquo;AUTEUR<\/p>\n\n\n\n<p>Le site web et l&rsquo;ensemble de son contenu sont prot\u00e9g\u00e9s par le droit d&rsquo;auteur et sont la propri\u00e9t\u00e9 exclusive de SREO. Les utilisateurs ne doivent pas divulguer, reproduire (en totalit\u00e9 ou en partie), transmettre (par voie \u00e9lectronique ou autre), modifier, lier ou utiliser, \u00e0 des fins publiques ou commerciales, toute partie du site web ou toute information qui y est contenue sans le consentement \u00e9crit pr\u00e9alable de SREO.<\/p>\n\n\n\n<p>CONFIDENTIALIT\u00c9<\/p>\n\n\n\n<p>ABS ne collecte pas les donn\u00e9es personnelles des utilisateurs du site web, \u00e0 l&rsquo;exception des donn\u00e9es d&rsquo;identification \u00e9lectronique (par exemple, l&rsquo;adresse IP) (les \u00ab\u00a0Donn\u00e9es collect\u00e9es\u00a0\u00bb) fournies par le navigateur des utilisateurs et gr\u00e2ce \u00e0 l&rsquo;utilisation de cookies. Vous pouvez trouver plus d&rsquo;informations sur les cookies utilis\u00e9s par le site web dans notre Politique relative aux cookies (incluant des informations sur la gestion des cookies).<\/p>\n\n\n\n<p>ABS ne traitera ces donn\u00e9es que dans le but de l&rsquo;analyse du trafic du site web, de l&rsquo;am\u00e9lioration du site web et de la v\u00e9rification de l&rsquo;acceptation par l&rsquo;utilisateur des conditions d&rsquo;utilisation.<\/p>\n\n\n\n<p>ABS prot\u00e8ge votre vie priv\u00e9e et vos donn\u00e9es personnelles en mettant en \u0153uvre des mesures de s\u00e9curit\u00e9 techniques et organisationnelles appropri\u00e9es. Les donn\u00e9es collect\u00e9es sont conserv\u00e9es aussi longtemps que n\u00e9cessaire ou requis pour les finalit\u00e9s pr\u00e9vues, sous r\u00e9serve des d\u00e9lais l\u00e9gaux de prescription. ABS ne divulguera aucune donn\u00e9e collect\u00e9e \u00e0 des tiers. En cliquant sur \u00ab\u00a0Je comprends et j&rsquo;accepte\u00a0\u00bb ci-dessous, vous acceptez ce traitement de vos donn\u00e9es collect\u00e9es.<\/p>\n\n\n\n<p>Conform\u00e9ment aux lois europ\u00e9ennes et luxembourgeoises sur la protection des donn\u00e9es, chaque utilisateur a droit aux droits de protection des donn\u00e9es suivants (les \u00ab\u00a0Droits de protection des donn\u00e9es\u00a0\u00bb) :<\/p>\n\n\n\n<ul class=\"wp-block-list\">\n<li>Droit d&rsquo;acc\u00e8s aux informations personnelles<\/li>\n\n\n\n<li>Droit de rectification des informations personnelles<\/li>\n\n\n\n<li>Droit de restreindre l&rsquo;utilisation des informations personnelles<\/li>\n\n\n\n<li>Droit de demander l&rsquo;effacement des informations personnelles<\/li>\n\n\n\n<li>Droit de s&rsquo;opposer au traitement des informations personnelles<\/li>\n\n\n\n<li>Droit \u00e0 la portabilit\u00e9 des donn\u00e9es (dans certaines circonstances sp\u00e9cifiques)<\/li>\n\n\n\n<li>Droit de d\u00e9poser une plainte aupr\u00e8s d&rsquo;une autorit\u00e9 de contr\u00f4le.<\/li>\n<\/ul>\n\n\n\n<p>Si vous avez des questions sur les droits de protection des donn\u00e9es, sur les donn\u00e9es que nous d\u00e9tenons \u00e0 votre sujet ou si vous souhaitez exercer l&rsquo;un de vos droits de protection des donn\u00e9es, veuillez envoyer un e-mail \u00e0 contact@swissreo.com.<\/p>\n\n\n\n<p>Si vous souhaitez signaler une plainte ou si vous estimez que nous n&rsquo;avons pas trait\u00e9 votre pr\u00e9occupation de mani\u00e8re satisfaisante, vous pouvez contacter l&rsquo;autorit\u00e9 de contr\u00f4le luxembourgeoise en mati\u00e8re de protection des donn\u00e9es, la Commission Nationale pour la Protection des Donn\u00e9es.<\/p>\n\n\n\n<p>En cas d&rsquo;utilisation de votre droit de demander l&rsquo;effacement des informations personnelles, votre droit d&rsquo;acc\u00e9der \u00e0 toutes les fonctionnalit\u00e9s du site web sera r\u00e9sili\u00e9.<\/p>\n\n\n\n<p><br>SITES WEB DE TIERS<\/p>\n\n\n\n<p>Le site web pourrait contenir des liens vers d&rsquo;autres sites web et ressources externes (y compris des liens vers des sites de m\u00e9dias sociaux). L&rsquo;utilisation de tout site web externe est exclusivement r\u00e9gie par ses propres conditions d&rsquo;utilisation (y compris sa politique de confidentialit\u00e9).<\/p>\n\n\n\n<p>LOI APPLICABLE<\/p>\n\n\n\n<p>Le site web est r\u00e9gi par les lois suisses. En acc\u00e9dant \u00e0 ce site, vous consentez \u00e0 vous soumettre \u00e0 la comp\u00e9tence exclusive des tribunaux suisses. En cliquant sur \u00ab\u00a0je comprends et j&rsquo;accepte\u00a0\u00bb, vous d\u00e9clarez et garantissez que (i) vous avez lu et compris pleinement les informations \u00e9nonc\u00e9es dans les conditions d&rsquo;utilisation ci-dessus (ii) vous acceptez d&rsquo;\u00eatre li\u00e9 par ses termes, et (iii) vous \u00eates autoris\u00e9 conform\u00e9ment aux lois et r\u00e9glementations applicables \u00e0 recevoir les informations contenues sur le site web. Si vous ne pouvez pas confirmer ainsi et\/ou si vous \u00eates en d\u00e9saccord avec une partie des conditions d&rsquo;utilisation ci-dessus, cliquez sur \u00ab\u00a0quitter ce site web\u00a0\u00bb ou quittez autrement le site web.<\/p>\n","protected":false},"excerpt":{"rendered":"<p>Pour naviguer sur ce site web (le \u00ab site web \u00bb), veuillez lire attentivement les conditions d&rsquo;utilisation suivantes (les \u00ab Conditions d&rsquo;Utilisation \u00bb) et confirmer votre lieu de r\u00e9sidence et votre statut r\u00e9glementaire d&rsquo;investisseur. Les investisseurs non qualifi\u00e9s seront automatiquement redirig\u00e9s vers le site web du groupe Swissroc. Les conditions d&rsquo;utilisation et toute autre modalit\u00e9 [&hellip;]<\/p>\n","protected":false},"author":11,"featured_media":0,"parent":0,"menu_order":0,"comment_status":"closed","ping_status":"closed","template":"","meta":{"_acf_changed":false,"footnotes":""},"class_list":["post-2214","page","type-page","status-publish","hentry"],"acf":[],"yoast_head":"<!-- This site is optimized with the Yoast SEO plugin v25.7 - https:\/\/yoast.com\/wordpress\/plugins\/seo\/ -->\n<title>Conditions d&#039;utilisation - SREO<\/title>\n<meta name=\"robots\" content=\"index, follow, max-snippet:-1, max-image-preview:large, max-video-preview:-1\" \/>\n<link rel=\"canonical\" href=\"https:\/\/swissreo.com\/fr\/conditions-dutilisation\/\" \/>\n<meta property=\"og:locale\" content=\"fr_FR\" \/>\n<meta property=\"og:type\" content=\"article\" \/>\n<meta property=\"og:title\" content=\"Conditions d&#039;utilisation - SREO\" \/>\n<meta property=\"og:description\" content=\"Pour naviguer sur ce site web (le \u00ab site web \u00bb), veuillez lire attentivement les conditions d&rsquo;utilisation suivantes (les \u00ab Conditions d&rsquo;Utilisation \u00bb) et confirmer votre lieu de r\u00e9sidence et votre statut r\u00e9glementaire d&rsquo;investisseur. Les investisseurs non qualifi\u00e9s seront automatiquement redirig\u00e9s vers le site web du groupe Swissroc. Les conditions d&rsquo;utilisation et toute autre modalit\u00e9 [&hellip;]\" \/>\n<meta property=\"og:url\" content=\"https:\/\/swissreo.com\/fr\/conditions-dutilisation\/\" \/>\n<meta property=\"og:site_name\" content=\"SREO\" \/>\n<meta property=\"article:modified_time\" content=\"2024-02-23T08:28:04+00:00\" \/>\n<meta property=\"og:image\" content=\"https:\/\/swissreo.com\/wp-content\/uploads\/2023\/11\/Social-Graph.jpg\" \/>\n\t<meta property=\"og:image:width\" content=\"1200\" \/>\n\t<meta property=\"og:image:height\" content=\"630\" \/>\n\t<meta property=\"og:image:type\" content=\"image\/jpeg\" \/>\n<meta name=\"twitter:card\" content=\"summary_large_image\" \/>\n<meta name=\"twitter:label1\" content=\"Dur\u00e9e de lecture estim\u00e9e\" \/>\n\t<meta name=\"twitter:data1\" content=\"9 minutes\" \/>\n<script type=\"application\/ld+json\" class=\"yoast-schema-graph\">{\"@context\":\"https:\/\/schema.org\",\"@graph\":[{\"@type\":\"WebPage\",\"@id\":\"https:\/\/swissreo.com\/fr\/conditions-dutilisation\/\",\"url\":\"https:\/\/swissreo.com\/fr\/conditions-dutilisation\/\",\"name\":\"Conditions d'utilisation - SREO\",\"isPartOf\":{\"@id\":\"https:\/\/swissreo.com\/fr\/#website\"},\"datePublished\":\"2024-02-19T09:45:52+00:00\",\"dateModified\":\"2024-02-23T08:28:04+00:00\",\"breadcrumb\":{\"@id\":\"https:\/\/swissreo.com\/fr\/conditions-dutilisation\/#breadcrumb\"},\"inLanguage\":\"fr-FR\",\"potentialAction\":[{\"@type\":\"ReadAction\",\"target\":[\"https:\/\/swissreo.com\/fr\/conditions-dutilisation\/\"]}]},{\"@type\":\"BreadcrumbList\",\"@id\":\"https:\/\/swissreo.com\/fr\/conditions-dutilisation\/#breadcrumb\",\"itemListElement\":[{\"@type\":\"ListItem\",\"position\":1,\"name\":\"Home\",\"item\":\"https:\/\/swissreo.com\/fr\/\"},{\"@type\":\"ListItem\",\"position\":2,\"name\":\"Conditions d&rsquo;utilisation\"}]},{\"@type\":\"WebSite\",\"@id\":\"https:\/\/swissreo.com\/fr\/#website\",\"url\":\"https:\/\/swissreo.com\/fr\/\",\"name\":\"SREO\",\"description\":\"\",\"publisher\":{\"@id\":\"https:\/\/swissreo.com\/fr\/#organization\"},\"potentialAction\":[{\"@type\":\"SearchAction\",\"target\":{\"@type\":\"EntryPoint\",\"urlTemplate\":\"https:\/\/swissreo.com\/fr\/?s={search_term_string}\"},\"query-input\":{\"@type\":\"PropertyValueSpecification\",\"valueRequired\":true,\"valueName\":\"search_term_string\"}}],\"inLanguage\":\"fr-FR\"},{\"@type\":\"Organization\",\"@id\":\"https:\/\/swissreo.com\/fr\/#organization\",\"name\":\"Swiss Real Estate Opportunities\",\"url\":\"https:\/\/swissreo.com\/fr\/\",\"logo\":{\"@type\":\"ImageObject\",\"inLanguage\":\"fr-FR\",\"@id\":\"https:\/\/swissreo.com\/fr\/#\/schema\/logo\/image\/\",\"url\":\"https:\/\/swissreo.com\/wp-content\/uploads\/2024\/02\/sreo-logo.png\",\"contentUrl\":\"https:\/\/swissreo.com\/wp-content\/uploads\/2024\/02\/sreo-logo.png\",\"width\":696,\"height\":696,\"caption\":\"Swiss Real Estate Opportunities\"},\"image\":{\"@id\":\"https:\/\/swissreo.com\/fr\/#\/schema\/logo\/image\/\"}}]}<\/script>\n<!-- \/ Yoast SEO plugin. -->","yoast_head_json":{"title":"Conditions d'utilisation - SREO","robots":{"index":"index","follow":"follow","max-snippet":"max-snippet:-1","max-image-preview":"max-image-preview:large","max-video-preview":"max-video-preview:-1"},"canonical":"https:\/\/swissreo.com\/fr\/conditions-dutilisation\/","og_locale":"fr_FR","og_type":"article","og_title":"Conditions d'utilisation - SREO","og_description":"Pour naviguer sur ce site web (le \u00ab site web \u00bb), veuillez lire attentivement les conditions d&rsquo;utilisation suivantes (les \u00ab Conditions d&rsquo;Utilisation \u00bb) et confirmer votre lieu de r\u00e9sidence et votre statut r\u00e9glementaire d&rsquo;investisseur. Les investisseurs non qualifi\u00e9s seront automatiquement redirig\u00e9s vers le site web du groupe Swissroc. Les conditions d&rsquo;utilisation et toute autre modalit\u00e9 [&hellip;]","og_url":"https:\/\/swissreo.com\/fr\/conditions-dutilisation\/","og_site_name":"SREO","article_modified_time":"2024-02-23T08:28:04+00:00","og_image":[{"width":1200,"height":630,"url":"https:\/\/swissreo.com\/wp-content\/uploads\/2023\/11\/Social-Graph.jpg","type":"image\/jpeg"}],"twitter_card":"summary_large_image","twitter_misc":{"Dur\u00e9e de lecture estim\u00e9e":"9 minutes"},"schema":{"@context":"https:\/\/schema.org","@graph":[{"@type":"WebPage","@id":"https:\/\/swissreo.com\/fr\/conditions-dutilisation\/","url":"https:\/\/swissreo.com\/fr\/conditions-dutilisation\/","name":"Conditions d'utilisation - SREO","isPartOf":{"@id":"https:\/\/swissreo.com\/fr\/#website"},"datePublished":"2024-02-19T09:45:52+00:00","dateModified":"2024-02-23T08:28:04+00:00","breadcrumb":{"@id":"https:\/\/swissreo.com\/fr\/conditions-dutilisation\/#breadcrumb"},"inLanguage":"fr-FR","potentialAction":[{"@type":"ReadAction","target":["https:\/\/swissreo.com\/fr\/conditions-dutilisation\/"]}]},{"@type":"BreadcrumbList","@id":"https:\/\/swissreo.com\/fr\/conditions-dutilisation\/#breadcrumb","itemListElement":[{"@type":"ListItem","position":1,"name":"Home","item":"https:\/\/swissreo.com\/fr\/"},{"@type":"ListItem","position":2,"name":"Conditions d&rsquo;utilisation"}]},{"@type":"WebSite","@id":"https:\/\/swissreo.com\/fr\/#website","url":"https:\/\/swissreo.com\/fr\/","name":"SREO","description":"","publisher":{"@id":"https:\/\/swissreo.com\/fr\/#organization"},"potentialAction":[{"@type":"SearchAction","target":{"@type":"EntryPoint","urlTemplate":"https:\/\/swissreo.com\/fr\/?s={search_term_string}"},"query-input":{"@type":"PropertyValueSpecification","valueRequired":true,"valueName":"search_term_string"}}],"inLanguage":"fr-FR"},{"@type":"Organization","@id":"https:\/\/swissreo.com\/fr\/#organization","name":"Swiss Real Estate Opportunities","url":"https:\/\/swissreo.com\/fr\/","logo":{"@type":"ImageObject","inLanguage":"fr-FR","@id":"https:\/\/swissreo.com\/fr\/#\/schema\/logo\/image\/","url":"https:\/\/swissreo.com\/wp-content\/uploads\/2024\/02\/sreo-logo.png","contentUrl":"https:\/\/swissreo.com\/wp-content\/uploads\/2024\/02\/sreo-logo.png","width":696,"height":696,"caption":"Swiss Real Estate Opportunities"},"image":{"@id":"https:\/\/swissreo.com\/fr\/#\/schema\/logo\/image\/"}}]}},"_links":{"self":[{"href":"https:\/\/swissreo.com\/fr\/wp-json\/wp\/v2\/pages\/2214","targetHints":{"allow":["GET"]}}],"collection":[{"href":"https:\/\/swissreo.com\/fr\/wp-json\/wp\/v2\/pages"}],"about":[{"href":"https:\/\/swissreo.com\/fr\/wp-json\/wp\/v2\/types\/page"}],"author":[{"embeddable":true,"href":"https:\/\/swissreo.com\/fr\/wp-json\/wp\/v2\/users\/11"}],"replies":[{"embeddable":true,"href":"https:\/\/swissreo.com\/fr\/wp-json\/wp\/v2\/comments?post=2214"}],"version-history":[{"count":0,"href":"https:\/\/swissreo.com\/fr\/wp-json\/wp\/v2\/pages\/2214\/revisions"}],"wp:attachment":[{"href":"https:\/\/swissreo.com\/fr\/wp-json\/wp\/v2\/media?parent=2214"}],"curies":[{"name":"wp","href":"https:\/\/api.w.org\/{rel}","templated":true}]}}