{"id":587,"date":"2023-10-27T08:13:37","date_gmt":"2023-10-27T08:13:37","guid":{"rendered":"http:\/\/sreo.wpenginepowered.com\/?page_id=587"},"modified":"2024-02-08T11:41:50","modified_gmt":"2024-02-08T11:41:50","slug":"contact","status":"publish","type":"page","link":"https:\/\/swissreo.com\/fr\/contact\/","title":{"rendered":"Contact"},"content":{"rendered":"\t<section  class=\"section hero hero-inner bg-beige\">\r\n\t\t<div class=\"intro\">\r\n\t\t\t\t\t\t\t<div class=\"container-fluid\">\r\n\t\t\t\t\t<div class=\"relative\">\r\n\t\t\t\t\t\t<div class=\"intro-visual\">\r\n\t\t\t\t\t\t\t\t\t<img\r\n\t\t\t\t\t\tsrc=\"\r\n\t\t\t\thttps:\/\/swissreo.com\/wp-content\/uploads\/2023\/12\/SREO_contact-img01.jpg\"\r\n\t\t\t\tsrcset=\"https:\/\/swissreo.com\/wp-content\/uploads\/2023\/12\/SREO_contact-img01.jpg 1x,\r\n\t\t\t\thttps:\/\/swissreo.com\/wp-content\/uploads\/2023\/12\/SREO_contact-img01@2x.jpg 2x\r\n\t\t\t\t\t\t\t\"\r\n\t\t\talt=\"\"\r\n\t\t\/>\r\n\t\t\t\t\t\t\t<\/div>\r\n\t\t\t\t\t<\/div>\r\n\t\t\t\t<\/div>\r\n\t\t\t\t\t\t<div class=\"container-lg\">\r\n\t\t\t\t<div class=\"intro-content\" data-aos=\"fade-zoom-in\">\r\n\t\t\t\t\t<div class=\"heading\">\r\n\t\t\t\t\t\t\t\t\t\t\t\t\t<h1>\r\n\t\t\t\t\t\t\t\t<span>Contact <\/span>\r\n\t\t\t\t\t\t\t<\/h1>\r\n\t\t\t\t\t\t\t<span class=\"decor\r\n\t\t\t\t\t\t\t\t decor-bottom-right2\t\t\t\t\t\t\t\">\r\n\t\t\t\t\t\t\t\t<svg width=\"383\" height=\"380\" viewBox=\"0 0 383 380\" fill=\"none\" xmlns=\"http:\/\/www.w3.org\/2000\/svg\">\r\n\t\t\t\t\t\t\t\t\t<path\r\n\t\t\t\t\t\t\t\t\t\tfill-rule=\"evenodd\"\r\n\t\t\t\t\t\t\t\t\t\tclip-rule=\"evenodd\"\r\n\t\t\t\t\t\t\t\t\t\td=\"M137.88 0H245.12V136.8H383V243.2H245.12V380H137.88V243.2H0V136.8H137.88V0Z\"\r\n\t\t\t\t\t\t\t\t\t\tfill=\"white\"\r\n\t\t\t\t\t\t\t\t\t\/>\r\n\t\t\t\t\t\t\t\t<\/svg>\r\n\t\t\t\t\t\t\t<\/span>\r\n\t\t\t\t\t\t\t\t\t\t\t<\/div>\r\n\t\t\t\t<\/div>\r\n\t\t\t<\/div>\r\n\t\t<\/div>\r\n\t\t\t<\/section>\r\n\n\n\t<section id=\"anchor-contact-form\"  class=\"section contact bg-beige\" data-aos=\"fade-zoom-in\">\r\n\t\t<div class=\"container\" data-aos=\"fade-zoom-in\">\r\n\t\t\t<div class=\"row\">\r\n\t\t\t\t<div class=\"col-12 col-lg-4\">\r\n\t\t\t\t\t\t\t\t\t\t\t<div class=\"heading\">\r\n\t\t\t\t\t\t\t<h5 class=\"text-primary\">Contact us<\/h5>\r\n\t\t\t\t\t\t<\/div>\r\n\t\t\t\t\t\t\t\t\t\t\t<div class=\"direct-list\">\r\n\t\t\t\t\t\t\t\t\t\t\t\t\t\t\t\t<div class=\"direct-item\">\r\n\t\t\t\t\t\t\t\t\t\t\t\t\t\t\t\t\t\t\t\t\t<div class=\"direct-content\">\r\n\t\t\t\t\t\t\t\t\t\t\t\t\t\t\t\t\t\t\t\t\t\t\t\t\t<div class=\"email\">E. <a href=\"mailto:c&#111;nt&#97;&#99;t&#64;swiss&#114;eo.c&#111;&#109;\">&#99;&#111;ntact&#64;swi&#115;&#115;r&#101;o&#46;&#99;&#111;m<\/a><\/div>\r\n\t\t\t\t\t\t\t\t\t\t\t\t\t\t\t\t\t\t\t\t\t\t\t<\/div>\r\n\t\t\t\t\t\t\t\t\t\t\t\t\t\t\t\t\t\t\t<\/div>\r\n\t\t\t\t\t\t\t\t\t\t\t\t\t\t<\/div>\r\n\t\t\t\t\t\t\t\t\t<\/div>\r\n\t\t\t\t\t\t\t\t\t<div class=\"col-12 col-lg-8\">\r\n\t\t\t\t\t\t\t\t\t\t\t\t\t<div class=\"heading\">\r\n\t\t\t\t\t\t\t\t<h5 class=\"text-primary\"><\/h5>\r\n\t\t\t\t\t\t\t<\/div>\r\n\t\t\t\t\t\t\n<div class=\"wpcf7 no-js\" id=\"wpcf7-f622-o1\" lang=\"fr-FR\" dir=\"ltr\" data-wpcf7-id=\"622\">\n<div class=\"screen-reader-response\"><p role=\"status\" aria-live=\"polite\" aria-atomic=\"true\"><\/p> <ul><\/ul><\/div>\n<form action=\"\/fr\/wp-json\/wp\/v2\/pages\/587#wpcf7-f622-o1\" method=\"post\" class=\"wpcf7-form init form form-contact\" aria-label=\"Formulaire de contact\" novalidate=\"novalidate\" data-status=\"init\">\n<fieldset class=\"hidden-fields-container\"><input type=\"hidden\" name=\"_wpcf7\" value=\"622\" \/><input type=\"hidden\" name=\"_wpcf7_version\" value=\"6.1.1\" \/><input type=\"hidden\" name=\"_wpcf7_locale\" value=\"fr_FR\" \/><input type=\"hidden\" name=\"_wpcf7_unit_tag\" value=\"wpcf7-f622-o1\" \/><input type=\"hidden\" name=\"_wpcf7_container_post\" value=\"0\" \/><input type=\"hidden\" name=\"_wpcf7_posted_data_hash\" value=\"\" \/><input type=\"hidden\" name=\"_wpcf7_recaptcha_response\" value=\"\" \/>\n<\/fieldset>\n<div class=\"info\">*Champ obligatoire<\/div>\n<div class=\"input-box\">\n\t<label class=\"checkbox-container\">\n                <span class=\"wpcf7-form-control-wrap\" data-name=\"checkbox\"><span class=\"wpcf7-form-control wpcf7-checkbox\"><span class=\"wpcf7-list-item first last\"><input type=\"checkbox\" name=\"checkbox[]\" value=\"Demande d\u2019acc\u00e8s pour le portail investisseur\" \/><span class=\"wpcf7-list-item-label\">Demande d\u2019acc\u00e8s pour le portail investisseur<\/span><\/span><\/span><\/span>\n\t\t<span class=\"checkmark\"><\/span>\n\t<\/label> \n<\/div>\n<div class=\"input-box\">\n        <span class=\"wpcf7-form-control-wrap\" data-name=\"user-name\"><input size=\"40\" maxlength=\"400\" class=\"wpcf7-form-control wpcf7-text wpcf7-validates-as-required\" aria-required=\"true\" aria-invalid=\"false\" placeholder=\"Nom*\" value=\"\" type=\"text\" name=\"user-name\" \/><\/span>\n        <span class=\"wpcf7-form-control-wrap\" data-name=\"surname\"><input size=\"40\" maxlength=\"400\" class=\"wpcf7-form-control wpcf7-text wpcf7-validates-as-required\" aria-required=\"true\" aria-invalid=\"false\" placeholder=\"Pr\u00e9nom*\" value=\"\" type=\"text\" name=\"surname\" \/><\/span>        \n<\/div>\n<div class=\"input-box\">\n        <span class=\"wpcf7-form-control-wrap\" data-name=\"address\"><input size=\"40\" maxlength=\"400\" class=\"wpcf7-form-control wpcf7-text\" aria-invalid=\"false\" placeholder=\"Adresse\" value=\"\" type=\"text\" name=\"address\" \/><\/span>\n<\/div>\n<div class=\"input-box\">\n        <span class=\"wpcf7-form-control-wrap\" data-name=\"telephone\"><input size=\"40\" maxlength=\"400\" class=\"wpcf7-form-control wpcf7-tel wpcf7-text wpcf7-validates-as-tel\" aria-invalid=\"false\" placeholder=\"T\u00e9l\u00e9phone\" value=\"\" type=\"tel\" name=\"telephone\" \/><\/span>\n        <span class=\"wpcf7-form-control-wrap\" data-name=\"email\"><input size=\"40\" maxlength=\"400\" class=\"wpcf7-form-control wpcf7-email wpcf7-validates-as-required wpcf7-text wpcf7-validates-as-email\" aria-required=\"true\" aria-invalid=\"false\" placeholder=\"E-mail*\" value=\"\" type=\"email\" name=\"email\" \/><\/span>\n<\/div>\n<div class=\"input-box\">\n        <span class=\"wpcf7-form-control-wrap\" data-name=\"zip\"><input size=\"40\" maxlength=\"400\" class=\"wpcf7-form-control wpcf7-text\" aria-invalid=\"false\" placeholder=\"Code postal\" value=\"\" type=\"text\" name=\"zip\" \/><\/span>\n        <span class=\"wpcf7-form-control-wrap\" data-name=\"country\"><input size=\"40\" maxlength=\"400\" class=\"wpcf7-form-control wpcf7-text\" aria-invalid=\"false\" placeholder=\"Pays\" value=\"\" type=\"text\" name=\"country\" \/><\/span>\n<\/div>\n<div class=\"input-box\">\n        <span class=\"wpcf7-form-control-wrap\" data-name=\"message\"><textarea cols=\"40\" rows=\"10\" maxlength=\"2000\" class=\"wpcf7-form-control wpcf7-textarea wpcf7-validates-as-required\" aria-required=\"true\" aria-invalid=\"false\" placeholder=\"Message*\" name=\"message\"><\/textarea><\/span>\n<\/div>\n<div class=\"input-box\">\n\t<label class=\"checkbox-container\">\n                <span class=\"wpcf7-form-control-wrap\" data-name=\"checkbox2\"><span class=\"wpcf7-form-control wpcf7-checkbox\"><span class=\"wpcf7-list-item first last\"><input type=\"checkbox\" name=\"checkbox2[]\" value=\"Je souhaite \u00eatre tenu inform\u00e9 des actualit\u00e9s de SREO.\" \/><span class=\"wpcf7-list-item-label\">Je souhaite \u00eatre tenu inform\u00e9 des actualit\u00e9s de SREO.<\/span><\/span><\/span><\/span>\n\t\t<span class=\"checkmark\"><\/span>\n\t<\/label>\n<\/div>\n<div class=\"input-box\">\n\t<label class=\"checkbox-container\">\n              <span class=\"wpcf7-form-control-wrap\" data-name=\"acceptance\"><span class=\"wpcf7-form-control wpcf7-acceptance\"><span class=\"wpcf7-list-item\"><label><input type=\"checkbox\" name=\"acceptance\" value=\"1\" aria-invalid=\"false\" \/><span class=\"wpcf7-list-item-label\">En soumettant ce formulaire, j&rsquo;accepte que les informations saisies soient utilis\u00e9es dans le cadre de la demande de documentation et de la relation commerciale qui peut en d\u00e9couler. Lisez notre politique de confidentialit\u00e9.<\/span><\/label><\/span><\/span><\/span>\n\t      <span class=\"checkmark\"><\/span>\n\t<\/label>\n<\/div>\n<div class=\"submit-box\">\n     <span class=\"wpcf7-form-control-wrap recaptcha\" data-name=\"recaptcha\"><span data-sitekey=\"6Lf6f5cqAAAAAFVxsbFBblxBkRIrBLy1Sc70R4T-\" class=\"wpcf7-form-control wpcf7-recaptcha g-recaptcha\"><\/span>\r\n<noscript>\r\n\t<div class=\"grecaptcha-noscript\">\r\n\t\t<iframe loading=\"lazy\" src=\"https:\/\/www.google.com\/recaptcha\/api\/fallback?k=6Lf6f5cqAAAAAFVxsbFBblxBkRIrBLy1Sc70R4T-\" frameborder=\"0\" scrolling=\"no\" width=\"310\" height=\"430\">\r\n\t\t<\/iframe>\r\n\t\t<textarea name=\"g-recaptcha-response\" rows=\"3\" cols=\"40\" placeholder=\"reCaptcha Response Here\">\r\n\t\t<\/textarea>\r\n\t<\/div>\r\n<\/noscript>\r\n<\/span>  <input class=\"wpcf7-form-control wpcf7-submit has-spinner btn btn-primary btn-submit\" type=\"submit\" value=\"Envoyer\" \/>\n<\/div><div class=\"wpcf7-response-output\" aria-hidden=\"true\"><\/div>\n<\/form>\n<\/div>\n\t\t\t\t\t<\/div>\r\n\t\t\t\t\t\t\t<\/div>\r\n\t\t<\/div>\r\n\t<\/section>\r\n","protected":false},"excerpt":{"rendered":"","protected":false},"author":1,"featured_media":0,"parent":0,"menu_order":0,"comment_status":"closed","ping_status":"closed","template":"templates\/custom-template.php","meta":{"_acf_changed":false,"footnotes":""},"class_list":["post-587","page","type-page","status-publish","hentry"],"acf":[],"yoast_head":"<!-- This site is optimized with the Yoast SEO plugin v25.7 - https:\/\/yoast.com\/wordpress\/plugins\/seo\/ -->\n<title>Contact - SREO<\/title>\n<meta name=\"robots\" content=\"index, follow, max-snippet:-1, max-image-preview:large, max-video-preview:-1\" \/>\n<link rel=\"canonical\" href=\"https:\/\/swissreo.com\/fr\/contact\/\" \/>\n<meta property=\"og:locale\" content=\"fr_FR\" \/>\n<meta property=\"og:type\" content=\"article\" \/>\n<meta property=\"og:title\" content=\"Contact - SREO\" \/>\n<meta property=\"og:url\" content=\"https:\/\/swissreo.com\/fr\/contact\/\" \/>\n<meta property=\"og:site_name\" content=\"SREO\" \/>\n<meta property=\"article:modified_time\" content=\"2024-02-08T11:41:50+00:00\" \/>\n<meta property=\"og:image\" content=\"https:\/\/swissreo.com\/wp-content\/uploads\/2023\/11\/Social-Graph.jpg\" \/>\n\t<meta property=\"og:image:width\" content=\"1200\" \/>\n\t<meta property=\"og:image:height\" content=\"630\" \/>\n\t<meta property=\"og:image:type\" content=\"image\/jpeg\" \/>\n<meta name=\"twitter:card\" content=\"summary_large_image\" \/>\n<script type=\"application\/ld+json\" class=\"yoast-schema-graph\">{\"@context\":\"https:\/\/schema.org\",\"@graph\":[{\"@type\":\"WebPage\",\"@id\":\"https:\/\/swissreo.com\/fr\/contact\/\",\"url\":\"https:\/\/swissreo.com\/fr\/contact\/\",\"name\":\"Contact - SREO\",\"isPartOf\":{\"@id\":\"https:\/\/swissreo.com\/fr\/#website\"},\"datePublished\":\"2023-10-27T08:13:37+00:00\",\"dateModified\":\"2024-02-08T11:41:50+00:00\",\"breadcrumb\":{\"@id\":\"https:\/\/swissreo.com\/fr\/contact\/#breadcrumb\"},\"inLanguage\":\"fr-FR\",\"potentialAction\":[{\"@type\":\"ReadAction\",\"target\":[\"https:\/\/swissreo.com\/fr\/contact\/\"]}]},{\"@type\":\"BreadcrumbList\",\"@id\":\"https:\/\/swissreo.com\/fr\/contact\/#breadcrumb\",\"itemListElement\":[{\"@type\":\"ListItem\",\"position\":1,\"name\":\"Home\",\"item\":\"https:\/\/swissreo.com\/fr\/\"},{\"@type\":\"ListItem\",\"position\":2,\"name\":\"Contact\"}]},{\"@type\":\"WebSite\",\"@id\":\"https:\/\/swissreo.com\/fr\/#website\",\"url\":\"https:\/\/swissreo.com\/fr\/\",\"name\":\"SREO\",\"description\":\"\",\"publisher\":{\"@id\":\"https:\/\/swissreo.com\/fr\/#organization\"},\"potentialAction\":[{\"@type\":\"SearchAction\",\"target\":{\"@type\":\"EntryPoint\",\"urlTemplate\":\"https:\/\/swissreo.com\/fr\/?s={search_term_string}\"},\"query-input\":{\"@type\":\"PropertyValueSpecification\",\"valueRequired\":true,\"valueName\":\"search_term_string\"}}],\"inLanguage\":\"fr-FR\"},{\"@type\":\"Organization\",\"@id\":\"https:\/\/swissreo.com\/fr\/#organization\",\"name\":\"Swiss Real Estate Opportunities\",\"url\":\"https:\/\/swissreo.com\/fr\/\",\"logo\":{\"@type\":\"ImageObject\",\"inLanguage\":\"fr-FR\",\"@id\":\"https:\/\/swissreo.com\/fr\/#\/schema\/logo\/image\/\",\"url\":\"https:\/\/swissreo.com\/wp-content\/uploads\/2024\/02\/sreo-logo.png\",\"contentUrl\":\"https:\/\/swissreo.com\/wp-content\/uploads\/2024\/02\/sreo-logo.png\",\"width\":696,\"height\":696,\"caption\":\"Swiss Real Estate Opportunities\"},\"image\":{\"@id\":\"https:\/\/swissreo.com\/fr\/#\/schema\/logo\/image\/\"}}]}<\/script>\n<!-- \/ Yoast SEO plugin. -->","yoast_head_json":{"title":"Contact - SREO","robots":{"index":"index","follow":"follow","max-snippet":"max-snippet:-1","max-image-preview":"max-image-preview:large","max-video-preview":"max-video-preview:-1"},"canonical":"https:\/\/swissreo.com\/fr\/contact\/","og_locale":"fr_FR","og_type":"article","og_title":"Contact - SREO","og_url":"https:\/\/swissreo.com\/fr\/contact\/","og_site_name":"SREO","article_modified_time":"2024-02-08T11:41:50+00:00","og_image":[{"width":1200,"height":630,"url":"https:\/\/swissreo.com\/wp-content\/uploads\/2023\/11\/Social-Graph.jpg","type":"image\/jpeg"}],"twitter_card":"summary_large_image","schema":{"@context":"https:\/\/schema.org","@graph":[{"@type":"WebPage","@id":"https:\/\/swissreo.com\/fr\/contact\/","url":"https:\/\/swissreo.com\/fr\/contact\/","name":"Contact - SREO","isPartOf":{"@id":"https:\/\/swissreo.com\/fr\/#website"},"datePublished":"2023-10-27T08:13:37+00:00","dateModified":"2024-02-08T11:41:50+00:00","breadcrumb":{"@id":"https:\/\/swissreo.com\/fr\/contact\/#breadcrumb"},"inLanguage":"fr-FR","potentialAction":[{"@type":"ReadAction","target":["https:\/\/swissreo.com\/fr\/contact\/"]}]},{"@type":"BreadcrumbList","@id":"https:\/\/swissreo.com\/fr\/contact\/#breadcrumb","itemListElement":[{"@type":"ListItem","position":1,"name":"Home","item":"https:\/\/swissreo.com\/fr\/"},{"@type":"ListItem","position":2,"name":"Contact"}]},{"@type":"WebSite","@id":"https:\/\/swissreo.com\/fr\/#website","url":"https:\/\/swissreo.com\/fr\/","name":"SREO","description":"","publisher":{"@id":"https:\/\/swissreo.com\/fr\/#organization"},"potentialAction":[{"@type":"SearchAction","target":{"@type":"EntryPoint","urlTemplate":"https:\/\/swissreo.com\/fr\/?s={search_term_string}"},"query-input":{"@type":"PropertyValueSpecification","valueRequired":true,"valueName":"search_term_string"}}],"inLanguage":"fr-FR"},{"@type":"Organization","@id":"https:\/\/swissreo.com\/fr\/#organization","name":"Swiss Real Estate Opportunities","url":"https:\/\/swissreo.com\/fr\/","logo":{"@type":"ImageObject","inLanguage":"fr-FR","@id":"https:\/\/swissreo.com\/fr\/#\/schema\/logo\/image\/","url":"https:\/\/swissreo.com\/wp-content\/uploads\/2024\/02\/sreo-logo.png","contentUrl":"https:\/\/swissreo.com\/wp-content\/uploads\/2024\/02\/sreo-logo.png","width":696,"height":696,"caption":"Swiss Real Estate Opportunities"},"image":{"@id":"https:\/\/swissreo.com\/fr\/#\/schema\/logo\/image\/"}}]}},"_links":{"self":[{"href":"https:\/\/swissreo.com\/fr\/wp-json\/wp\/v2\/pages\/587","targetHints":{"allow":["GET"]}}],"collection":[{"href":"https:\/\/swissreo.com\/fr\/wp-json\/wp\/v2\/pages"}],"about":[{"href":"https:\/\/swissreo.com\/fr\/wp-json\/wp\/v2\/types\/page"}],"author":[{"embeddable":true,"href":"https:\/\/swissreo.com\/fr\/wp-json\/wp\/v2\/users\/1"}],"replies":[{"embeddable":true,"href":"https:\/\/swissreo.com\/fr\/wp-json\/wp\/v2\/comments?post=587"}],"version-history":[{"count":0,"href":"https:\/\/swissreo.com\/fr\/wp-json\/wp\/v2\/pages\/587\/revisions"}],"wp:attachment":[{"href":"https:\/\/swissreo.com\/fr\/wp-json\/wp\/v2\/media?parent=587"}],"curies":[{"name":"wp","href":"https:\/\/api.w.org\/{rel}","templated":true}]}}