{"id":7,"date":"2023-10-24T13:10:36","date_gmt":"2023-10-24T13:10:36","guid":{"rendered":"http:\/\/sreo.wpenginepowered.com\/?page_id=7"},"modified":"2024-12-06T13:31:34","modified_gmt":"2024-12-06T13:31:34","slug":"home","status":"publish","type":"page","link":"https:\/\/swissreo.com\/fr\/","title":{"rendered":"Home"},"content":{"rendered":"\t<section  class=\"section hero\">\r\n\t\t<div class=\"intro\">\r\n\t\t\t\t\t\t\t<div class=\"container-fluid\">\r\n\t\t\t\t\t<div class=\"relative\">\r\n\t\t\t\t\t\t<div class=\"intro-visual\">\r\n\t\t\t\t\t\t\t\t\t<img\r\n\t\t\t\t\t\tsrc=\"\r\n\t\t\t\thttps:\/\/swissreo.com\/wp-content\/uploads\/2024\/02\/sreo-home-rt@2x-1.jpg\"\r\n\t\t\t\tsrcset=\"https:\/\/swissreo.com\/wp-content\/uploads\/2024\/02\/sreo-home-rt@2x-1.jpg 1x,\r\n\t\t\t\thttps:\/\/swissreo.com\/wp-content\/uploads\/2024\/02\/sreo-home-rt@2x-1.jpg 2x\r\n\t\t\t\t\t\t\t\"\r\n\t\t\talt=\"\"\r\n\t\t\/>\r\n\t\t\t\t\t\t\t<\/div>\r\n\t\t\t\t\t<\/div>\r\n\t\t\t\t<\/div>\r\n\t\t\t\t\t\t\t<div class=\"container-lg\">\r\n\t\t\t\t\t<div class=\"intro-content intro-primary\" data-aos=\"fade-zoom-in\">\r\n\t\t\t\t\t\t\t\t\t\t\t\t\t<div class=\"heading\">\r\n\t\t\t\t\t\t\t\t<h1>\r\n\t\t\t\t\t\t\t\t\t\t\t\t\t\t\t\t\t\t\t\t<span>\r\n\t\t\t\t\t\t\t\t\t\t\t\t\t\t\t\t\t\t\t\t\t\t\t\t\t<span class=\"decor\">\r\n\t\t\t\t\t\t\t\t\t\t\t\t\t\t<svg width=\"383\" height=\"380\" viewBox=\"0 0 383 380\" fill=\"none\" xmlns=\"http:\/\/www.w3.org\/2000\/svg\">\r\n\t\t\t\t\t\t\t\t\t\t\t\t\t\t\t<path\r\n\t\t\t\t\t\t\t\t\t\t\t\t\t\t\t\tfill-rule=\"evenodd\"\r\n\t\t\t\t\t\t\t\t\t\t\t\t\t\t\t\tclip-rule=\"evenodd\"\r\n\t\t\t\t\t\t\t\t\t\t\t\t\t\t\t\td=\"M137.88 0H245.12V136.8H383V243.2H245.12V380H137.88V243.2H0V136.8H137.88V0Z\"\r\n\t\t\t\t\t\t\t\t\t\t\t\t\t\t\t\tfill=\"white\"\r\n\t\t\t\t\t\t\t\t\t\t\t\t\t\t\t\/>\r\n\t\t\t\t\t\t\t\t\t\t\t\t\t\t<\/svg>\r\n\t\t\t\t\t\t\t\t\t\t\t\t\t<\/span>\r\n\t\t\t\t\t\t\t\t\t\t\t\tSwiss\t\t\t\t\t\t\t\t\t\t\t<\/span><br \/>\t\t\t\t\t\t\t\t\t\t\t\t\t\t\t\t\t\t\t\t\t<span>\r\n\t\t\t\t\t\t\t\t\t\t\t\tReal Estate\t\t\t\t\t\t\t\t\t\t\t<\/span><br \/>\t\t\t\t\t\t\t\t\t\t\t\t\t\t\t\t\t\t\t\t\t<span>\r\n\t\t\t\t\t\t\t\t\t\t\t\tOpportunities\t\t\t\t\t\t\t\t\t\t\t<\/span>\t\t\t\t\t\t\t\t\t\t\t\t\t\t\t\t\t\t<\/h1>\r\n\t\t\t\t\t\t\t<\/div>\r\n\t\t\t\t\t\t\t\t\t\t\t\t\t<a href=\"#headchapter\" class=\"scroll-link\">\r\n\t\t\t\t\t\t\t\t<span>\r\n\t\t\t\t\t\t\t\t\tEn lire plus\t\t\t\t\t\t\t\t<\/span>\r\n\t\t\t\t\t\t\t<\/a>\r\n\t\t\t\t\t\t\t\t\t\t\t<\/div>\r\n\t\t\t\t<\/div>\r\n\t\t\t\t\t<\/div>\r\n\t\t\t\t\t<div class=\"headchapter\" id=\"headchapter\" data-aos=\"fade-zoom-in\" >\r\n\t\t\t\t<div class=\"container\">\r\n\t\t\t\t\t<div class=\"row\">\r\n\t\t\t\t\t\t<div class=\"col-12 col-lg-11\">\r\n\t\t\t\t\t\t\t<div class=\"heading\">\r\n\t\t\t\t\t\t\t\t\t\t\t\t\t\t\t\t\t<div class=\"subttl\">A PROPOS<\/div>\r\n\t\t\t\t\t\t\t\t\t\t\t\t\t\t\t\t\t<div class=\"text text-xl\">\r\n\t\t\t\t\t\t\t\t\t\t<p>Swiss Real Estate Opportunities (SREO), sous-fonds de l&rsquo;ombrelle AB Alternative Fund SICAV-SIF bas\u00e9e \u00e0 Luxembourg, est une soci\u00e9t\u00e9 d&rsquo;investissement immobilier sp\u00e9cialis\u00e9e dans la gestion et l&rsquo;exploitation d&rsquo;un portefeuille concentr\u00e9 sur les opportunit\u00e9s commerciales en Suisse. SREO vise \u00e0 maximiser l&rsquo;appr\u00e9ciation du capital et \u00e0 fa\u00e7onner l&rsquo;avenir de l&rsquo;immobilier commercial en Suisse avec une approche dynamique.<\/p>\n\t\t\t\t\t\t\t\t\t<\/div>\r\n\t\t\t\t\t\t\t\t<a href=\"\/fr\/about-us\/\" class=\"btn btn-primary\">En lire plus <\/a>\t\t\t\t\t\t\t<\/div>\r\n\t\t\t\t\t\t<\/div>\r\n\t\t\t\t\t<\/div>\r\n\t\t\t\t<\/div>\r\n\t\t\t<\/div>\r\n\t\t\t<\/section>\r\n\n\n\t<section  class=\"section about\" data-aos=\"fade-zoom-in\">\r\n\t\t<div class=\"container\">\r\n\t\t\t<div class=\"row\">\r\n\t\t\t\t\t\t\t\t\t<div class=\"col-12 col-lg-5\">\r\n\t\t\t\t\t\t<div class=\"heading\">\r\n\t\t\t\t\t\t\t\t\t\t\t\t\t\t\t<div class=\"subttl\">\r\n\t\t\t\t\t\t\t\t\tL&rsquo;\u00e9quipe\t\t\t\t\t\t\t\t<\/div>\r\n\t\t\t\t\t\t\t\t\t\t\t\t\t\t\t<h4>L&rsquo;alliance strat\u00e9gique de deux experts<\/h4>\r\n\t\t\t\t\t\t\t\t\t\t\t\t\t\t\t<div class=\"text\">\r\n\t\t\t\t\t\t\t\t\t<p>D\u00e9couvrez les talents de deux \u00e9quipes de professionnels de la gestion de portefeuille et de la gestion d&rsquo;actifs immobiliers.<\/p>\n\t\t\t\t\t\t\t\t<\/div>\r\n\t\t\t\t\t\t\t<a href=\"\/fr\/team\/\" class=\"btn btn-primary\">En lire plus <\/a>\t\t\t\t\t\t\t\t\t\t\t\t\t<\/div>\r\n\t\t\t\t\t<\/div>\r\n\t\t\t\t\t\t\t\t\t<div class=\"col-12 col-lg-6 offset-lg-1\">\r\n\t\t\t\t\t\t<div class=\"about-highlight\">\r\n\t\t\t\t\t\t\t\t\t\t\t\t\t\t\t<div class=\"about-logo\">\r\n\t\t\t\t\t\t\t\t\t\t\t\t\t\t\t\t\t\t\t<div class=\"logo\">\r\n\t\t\t\t\t\t\t\t\t\t\t\t\t<img\r\n\t\t\t\t\t\tsrc=\"https:\/\/swissreo.com\/wp-content\/uploads\/2023\/11\/about-logo01-1.svg\"\r\n\t\t\talt=\"image description\"\r\n\t\t\/>\r\n\t\t\t\t\t\t\t\t\t\t\t<\/div>\r\n\t\t\t\t\t\t\t\t\t\t\t\t\t\t\t\t\t\t\t<div class=\"logo\">\r\n\t\t\t\t\t\t\t\t\t\t\t\t\t<img\r\n\t\t\t\t\t\tsrc=\"https:\/\/swissreo.com\/wp-content\/uploads\/2023\/10\/about-logo02-1.svg\"\r\n\t\t\talt=\"image description\"\r\n\t\t\/>\r\n\t\t\t\t\t\t\t\t\t\t\t<\/div>\r\n\t\t\t\t\t\t\t\t\t\t\t\t\t\t\t\t\t<\/div>\r\n\t\t\t\t\t\t\t\t\t\t\t\t\t\t\t<div class=\"text\">\r\n\t\t\t\t\t\t\t\t\t<p>Arab Bank (Switzerland) (\u00ab\u00a0ABS\u00a0\u00bb) et Swissroc Asset Management SA (\u00ab\u00a0SRAM\u00a0\u00bb), agissant respectivement en qualit\u00e9 de g\u00e9rants de fonds et gestionnaires d&rsquo;actifs, ont d\u00e9cid\u00e9 d&rsquo;un partenariat strat\u00e9gique afin de mettre en commun leurs comp\u00e9tences et d&rsquo;offrir un savoir-faire unique : le fonds SREO. <\/p>\n\t\t\t\t\t\t\t\t<\/div>\r\n\t\t\t\t\t\t\t\t\t\t\t\t\t<\/div>\r\n\t\t\t\t\t<\/div>\r\n\t\t\t\t\t\t\t<\/div>\r\n\t\t<\/div>\r\n\t<\/section>\r\n\n\n\t<section  class=\"section portfolio top-image bg-dark\">\n\t\t<div class=\"container-fluid\">\n\t\t\t<div class=\"portfolio-image section-top-image\" data-aos=\"fade-zoom-in\">\n\t\t\t\t\t\t\t\t\t<div class=\"img-holder\">\n\t\t\t\t\t\t\t\t<img\r\n\t\t\t\t\t\tsrc=\"\r\n\t\t\t\thttps:\/\/swissreo.com\/wp-content\/uploads\/2023\/12\/SREO_portfolio-img.jpg\"\r\n\t\t\t\tsrcset=\"https:\/\/swissreo.com\/wp-content\/uploads\/2023\/12\/SREO_portfolio-img.jpg 1x,\r\n\t\t\t\thttps:\/\/swissreo.com\/wp-content\/uploads\/2023\/12\/SREO_portfolio-img@2x.jpg 2x\r\n\t\t\t\t\t\t\t\"\r\n\t\t\talt=\"\"\r\n\t\t\/>\r\n\t\t\t\t\t\t<\/div>\n\t\t\t\t\t<div class=\"img-decor\">\n\t\t\t\t\t\t<div class=\"bottom\">\n\t\t\t\t\t\t\t<span class=\"decor decor-dark\"><\/span>\n\t\t\t\t\t\t<\/div>\n\t\t\t\t\t\t<div class=\"top\">\n\t\t\t\t\t\t\t<span class=\"decor decor-white\"><\/span>\n\t\t\t\t\t\t<\/div>\n\t\t\t\t\t<\/div>\n\t\t\t\t\t\t\t<\/div>\n\t\t<\/div>\n\t\t\t\t\t<div class=\"container\" data-aos=\"fade-zoom-in\">\n\t\t\t\t<div class=\"row\">\n\t\t\t\t\t<div class=\"col-12 col-10\">\n\t\t\t\t\t\t<div class=\"heading\">\n\t\t\t\t\t\t\t\t\t\t\t\t\t\t\t<div class=\"subttl\">PORTFOLIO<\/div>\n\t\t\t\t\t\t\t\t\t\t\t\t\t\t\t<h2>First deal in Geneva<\/h2>\n\t\t\t\t\t\t\t\t\t\t\t\t\t<\/div>\n\t\t\t\t\t<\/div>\n\t\t\t\t<\/div>\n\t\t\t<\/div>\n\t\t\t\t\t<div class=\"portfolio-hold\" data-aos=\"fade-zoom-in\">\n\t\t\t\t<div class=\"container\">\n\t\t\t\t\t<div class=\"portfolio-slider slider\">\n\t\t\t\t\t\t\t\t\t\t\t\t\t\t<div class=\"slider-item\">\n\t\t\t\t\t\t\t\t\t<div class=\"slide-content\">\n\t\t\t\t\t\t\t\t\t\t\t\t\t\t\t\t\t\t\t\t\t<div class=\"sub\">Ch\u00eane-Bourg<\/div>\n\t\t\t\t\t\t\t\t\t\t\t\t\t\t\t\t\t\t\t\t\t<h3>KingCross<\/h3>\n\t\t\t\t\t\t\t\t\t\t\t\t\t\t\t\t\t\t\t\t\t<div class=\"slide-img\">\n\t\t\t\t\t\t\t\t\t\t\t\t\t\t<img\r\n\t\t\t\t\t\tsrc=\"\r\n\t\t\t\thttps:\/\/swissreo.com\/wp-content\/uploads\/2024\/12\/KingCross.png\"\r\n\t\t\t\tsrcset=\"https:\/\/swissreo.com\/wp-content\/uploads\/2024\/12\/KingCross.png 1x,\r\n\t\t\t\thttps:\/\/swissreo.com\/wp-content\/uploads\/2024\/12\/KingCross.png 2x\r\n\t\t\t\t\t\t\t\"\r\n\t\t\talt=\"\"\r\n\t\t\/>\r\n\t\t\t\t\t\t\t\t\t\t\t\t<\/div>\n\t\t\t\t\t\t\t\t\t\t\t\t\t\t\t\t\t\t\t\t\t\t\t\t\t\t\t\t\t\t\t<a href=\"#\" data-fancybox data-src=\"#dialog-content1\" class=\"btn btn-primary\">Learn more<\/a>\n\t\t\t\t\t\t\t\t\t\t\t\t\t\t\t\t\t\t\t<\/div>\n\t\t\t\t\t\t\t\t<\/div>\n\t\t\t\t\t\t\t\t\t\t\t\t<\/div>\n\t\t\t\t\t<div class=\"popup-holder\">\n\t\t\t\t\t\t\t\t\t\t\t\t\t\t<div id=\"dialog-content1\" class=\"popup\">\n\t\t\t\t\t\t\t\t\t<a data-fancybox-close class=\"close\" href=\"#\">\n\t\t\t\t\t\t\t\t\t\tFermer\t\t\t\t\t\t\t\t\t\t<span class=\"icon\">\n\t\t\t\t\t\t\t\t\t\t\t<svg xmlns=\"http:\/\/www.w3.org\/2000\/svg\" width=\"24\" height=\"24\" viewBox=\"0 0 24 24\" fill=\"none\">\n\t\t\t\t\t\t\t\t\t\t\t\t<path\n\t\t\t\t\t\t\t\t\t\t\t\t\tfill-rule=\"evenodd\"\n\t\t\t\t\t\t\t\t\t\t\t\t\tclip-rule=\"evenodd\"\n\t\t\t\t\t\t\t\t\t\t\t\t\td=\"M15.9394 12.0435L23.9604 20.0645L20.0211 24.0039L12 15.9828L3.97897 24.0039L0.0396151 20.0645L8.06066 12.0435L0 3.98281L3.93935 0.043457L12 8.10412L20.0607 0.043457L24 3.98281L15.9394 12.0435Z\"\n\t\t\t\t\t\t\t\t\t\t\t\t\tfill=\"#142D40\"\n\t\t\t\t\t\t\t\t\t\t\t\t\/>\n\t\t\t\t\t\t\t\t\t\t\t<\/svg>\n\t\t\t\t\t\t\t\t\t\t<\/span>\n\t\t\t\t\t\t\t\t\t<\/a>\n\t\t\t\t\t\t\t\t\t<div class=\"popup-content\">\n\t\t\t\t\t\t\t\t\t\t<div class=\"container\">\n\t\t\t\t\t\t\t\t\t\t\t<div class=\"row\">\n\t\t\t\t\t\t\t\t\t\t\t\t\t\t\t\t\t\t\t\t\t\t\t\t\t<div class=\"popup-left\">\n\t\t\t\t\t\t\t\t\t\t\t\t\t\t\t\t\t\t\t\t\t\t\t\t\t\t\t\t\t<div class=\"ttl\">KingCross<\/div>\n\t\t\t\t\t\t\t\t\t\t\t\t\t\t\t\t\t\t\t\t\t\t\t\t\t\t\t\t\t<p>Ch\u00eane-Bourg<\/p>\n\t\t\t\t\t\t\t\t\t\t\t\t\t\t\t\t\t\t\t\t\t\t\t\t\t\t\t\t\t<ul class=\"info\">\n\t\t\t\t\t\t\t\t\t\t\t\t\t\t\t\t\t\t\t\t\t\t\t\t\t\t\t\t\t\t\t\t\t\t<li>Surface: 12&rsquo;000 sqm<\/li>\n\t\t\t\t\t\t\t\t\t\t\t\t\t\t\t\t\t\t\t\t\t\t\t\t\t\t\t\t\t\t\t\t\t\t\t<li>Gross Yield: NA<\/li>\n\t\t\t\t\t\t\t\t\t\t\t\t\t\t\t\t\t\t\t\t\t\t\t\t\t\t\t\t\t\t\t\t\t\t\t<li>Construction costs: c. CHF 50m<\/li>\n\t\t\t\t\t\t\t\t\t\t\t\t\t\t\t\t\t\t\t\t\t\t\t\t\t\t\t\t\t\t\t\t\t\t\t<li>Project duration: approx. 4 years<\/li>\n\t\t\t\t\t\t\t\t\t\t\t\t\t\t\t\t\t\t\t\t\t\t\t\t\t\t\t\t\t\t\t\t\t\t\t<li>Future rental income: c. CHF4.5m<\/li>\n\t\t\t\t\t\t\t\t\t\t\t\t\t\t\t\t\t\t\t\t\t\t\t\t\t\t\t\t\t\t\t\t\t\t\t<li>IRR\/ROE: +12%\/x1.5<\/li>\n\t\t\t\t\t\t\t\t\t\t\t\t\t\t\t\t\t\t\t\t\t\t\t\t\t\t\t\t\t\t\t\t<\/ul>\n\t\t\t\t\t\t\t\t\t\t\t\t\t\t\t\t\t\t\t\t\t\t\t\t\t\t\t<\/div>\n\t\t\t\t\t\t\t\t\t\t\t\t\t\t\t\t\t\t\t\t\t\t\t\t\t<div class=\"popup-right\">\n\t\t\t\t\t\t\t\t\t\t\t\t\t\t\t\t\t\t\t\t\t\t\t\t\t\t\t\t\t<div class=\"slider popup-slider\">\n\t\t\t\t\t\t\t\t\t\t\t\t\t\t\t\t\t\t\t\t\t\t\t\t\t\t\t\t\t\t\t\t\t<div class=\"slide-item\">\n\t\t\t\t\t\t\t\t\t\t\t\t\t\t\t\t\t\t<div class=\"slide-img\">\n\t\t\t\t\t\t\t\t\t\t\t\t\t\t\t\t\t\t\t\t\t<img\r\n\t\t\t\t\t\tsrc=\"\r\n\t\t\t\thttps:\/\/swissreo.com\/wp-content\/uploads\/2024\/01\/BTB_ANDEREGG_RINALDI_PEILLONNEX_39_HOTEL_FINAL.jpg\"\r\n\t\t\t\tsrcset=\"https:\/\/swissreo.com\/wp-content\/uploads\/2024\/01\/BTB_ANDEREGG_RINALDI_PEILLONNEX_39_HOTEL_FINAL.jpg 1x,\r\n\t\t\t\thttps:\/\/swissreo.com\/wp-content\/uploads\/2024\/01\/BTB_ANDEREGG_RINALDI_PEILLONNEX_39_PLAZA_BLACK_FINAL.jpg 2x\r\n\t\t\t\t\t\t\t\"\r\n\t\t\talt=\"\"\r\n\t\t\/>\r\n\t\t\t\t\t\t\t\t\t\t\t\t\t\t\t\t\t\t\t<\/div>\n\t\t\t\t\t\t\t\t\t\t\t\t\t\t\t\t\t<\/div>\n\t\t\t\t\t\t\t\t\t\t\t\t\t\t\t\t\t\t\t\t\t\t\t\t\t\t\t\t\t\t\t\t\t<div class=\"slide-item\">\n\t\t\t\t\t\t\t\t\t\t\t\t\t\t\t\t\t\t<div class=\"slide-img\">\n\t\t\t\t\t\t\t\t\t\t\t\t\t\t\t\t\t\t\t\t\t<img\r\n\t\t\t\t\t\tsrc=\"\r\n\t\t\t\thttps:\/\/swissreo.com\/wp-content\/uploads\/2024\/12\/KingCross.png\"\r\n\t\t\t\tsrcset=\"https:\/\/swissreo.com\/wp-content\/uploads\/2024\/12\/KingCross.png 1x,\r\n\t\t\t\thttps:\/\/swissreo.com\/wp-content\/uploads\/2024\/01\/KingCross2.jpg 2x\r\n\t\t\t\t\t\t\t\"\r\n\t\t\talt=\"\"\r\n\t\t\/>\r\n\t\t\t\t\t\t\t\t\t\t\t\t\t\t\t\t\t\t\t<\/div>\n\t\t\t\t\t\t\t\t\t\t\t\t\t\t\t\t\t<\/div>\n\t\t\t\t\t\t\t\t\t\t\t\t\t\t\t\t\t\t\t\t\t\t\t\t\t\t\t\t\t\t\t<\/div>\n\t\t\t\t\t\t\t\t\t\t\t\t\t\t\t\t\t\t\t\t\t\t\t\t\t\t\t\t\t<div class=\"ttl\">Development of mixed-use asset in a new dynamic district\r\n<\/div>\n\t\t\t\t\t\t\t\t\t\t\t\t\t\tASSET OVERVIEW<\/br>\r\nLocated in Geneva, at the heart of a newly transformed district benefiting from a new inter-districts train station (CEVA). The project consists of the acquisition, development, and construction of a new mixed-use commercial building. A building permit is already in force and will also involve the management of the commercialisation of the asset to the future tenants. Excellent location in Geneva next to a new development of Rolex Group and in a very dynamic district.<\/br><\/br>\r\n\r\nINVESTMENT STRATEGY<\/br>\r\nAcquisition, development, and construction of a new mixed-use commercial building, with a building permit. Sale of the project to an institutional investor once delivered and fully let to maximize the profits. The acquisition of the currently undeveloped plot allows for construction to be adapted to user needs. Initial studies plan for a 6-story building with 2 basement levels, offering a total rentable area of 12,000 m\u00b2.\r\n\t\t\t\t\t\t\t\t\t\t\t\t\t<\/div>\n\t\t\t\t\t\t\t\t\t\t\t\t\t\t\t\t\t\t\t\t\t\t\t<\/div>\n\t\t\t\t\t\t\t\t\t\t<\/div>\n\t\t\t\t\t\t\t\t\t<\/div>\n\t\t\t\t\t\t\t\t<\/div>\n\t\t\t\t\t\t\t\t\t\t\t\t<\/div>\n\t\t\t\t<\/div>\n\t\t\t<\/div>\n\t\t\t<\/section>\n\n\n\t<section  class=\"section keys\" data-aos=\"fade-zoom-in\">\r\n\t\t<div class=\"container-lg bg-beige\">\r\n\t\t\t<div class=\"container\">\r\n\t\t\t\t\t\t\t\t\t<div class=\"row\">\r\n\t\t\t\t\t\t<div class=\"col-12\">\r\n\t\t\t\t\t\t\t<div class=\"heading\">\r\n\t\t\t\t\t\t\t\t<h4>Une opportunit\u00e9 unique d&rsquo;acc\u00e9der<\/br>au march\u00e9 immobilier Suisse<\/h4>\r\n\t\t\t\t\t\t\t<\/div>\r\n\t\t\t\t\t\t<\/div>\r\n\t\t\t\t\t<\/div>\r\n\t\t\t\t\t\t\t\t\t<div class=\"row\">\r\n\t\t\t\t\t\t\t\t\t\t\t\t\t\t<div class=\"col-12 col-md-6 col-lg-3\">\r\n\t\t\t\t\t\t\t\t\t<div class=\"key-item\">\r\n\t\t\t\t\t\t\t\t\t\t\t\t\t\t\t\t\t\t\t\t\t<div class=\"ttl\">Strat\u00e9gie\n<\/div>\r\n\t\t\t\t\t\t\t\t\t\tImmobilier commercial \u00e0 valeur ajout\u00e9e et opportuniste\t\t\t\t\t\t\t\t\t<\/div>\r\n\t\t\t\t\t\t\t\t<\/div>\r\n\t\t\t\t\t\t\t\t\t\t\t\t\t\t\t<div class=\"col-12 col-md-6 col-lg-3\">\r\n\t\t\t\t\t\t\t\t\t<div class=\"key-item\">\r\n\t\t\t\t\t\t\t\t\t\t\t\t\t\t\t\t\t\t\t\t\t<div class=\"ttl\">Structure\n<\/div>\r\n\t\t\t\t\t\t\t\t\t\t5y closed end Luxembourg regulated Fund in CHF\t\t\t\t\t\t\t\t\t<\/div>\r\n\t\t\t\t\t\t\t\t<\/div>\r\n\t\t\t\t\t\t\t\t\t\t\t\t\t\t\t<div class=\"col-12 col-md-6 col-lg-3\">\r\n\t\t\t\t\t\t\t\t\t<div class=\"key-item\">\r\n\t\t\t\t\t\t\t\t\t\t\t\t\t\t\t\t\t\t\t\t\t<div class=\"ttl\">Rendement vis\u00e9\n<\/div>\r\n\t\t\t\t\t\t\t\t\t\tTRI net : 12-15% \/ net ROE x2\t\t\t\t\t\t\t\t\t<\/div>\r\n\t\t\t\t\t\t\t\t<\/div>\r\n\t\t\t\t\t\t\t\t\t\t\t\t\t\t\t<div class=\"col-12 col-md-6 col-lg-3\">\r\n\t\t\t\t\t\t\t\t\t<div class=\"key-item\">\r\n\t\t\t\t\t\t\t\t\t\t\t\t\t\t\t\t\t\t\t\t\t<div class=\"ttl\">Taille du portfolio\n<\/div>\r\n\t\t\t\t\t\t\t\t\t\t5-10 actifs pour une valeur totale de CHF 250m  \t\t\t\t\t\t\t\t\t<\/div>\r\n\t\t\t\t\t\t\t\t<\/div>\r\n\t\t\t\t\t\t\t\t\t\t\t\t<\/div>\r\n\t\t\t\t\t\t\t<\/div>\r\n\t\t<\/div>\r\n\t<\/section>\r\n\n\n\t<section  class=\"section cta bg-cream\" data-aos=\"fade-zoom-in\">\r\n\t\t<div class=\"container\">\r\n\t\t\t<div class=\"row\">\r\n\t\t\t\t<div class=\"col-12\">\r\n\t\t\t\t\t<div class=\"heading text-center\">\r\n\t\t\t\t\t\t\t\t\t\t\t\t\t<h3 class=\"light\">Pour plus d&rsquo;information<\/h3>\r\n\t\t\t\t\t\t<a href=\"\/fr\/contact\/#anchor-contact-form\" class=\"btn btn-primary\">Prenez contact <\/a>\t\t\t\t\t<\/div>\r\n\t\t\t\t<\/div>\r\n\t\t\t<\/div>\r\n\t\t<\/div>\r\n\t<\/section>\r\n","protected":false},"excerpt":{"rendered":"","protected":false},"author":1,"featured_media":0,"parent":0,"menu_order":0,"comment_status":"closed","ping_status":"closed","template":"templates\/custom-template.php","meta":{"_acf_changed":false,"footnotes":""},"class_list":["post-7","page","type-page","status-publish","hentry"],"acf":[],"yoast_head":"<!-- This site is optimized with the Yoast SEO plugin v25.7 - https:\/\/yoast.com\/wordpress\/plugins\/seo\/ -->\n<title>Swiss Real Estate Opportunities - SREO<\/title>\n<meta name=\"description\" content=\"SREO vise \u00e0 maximiser l\u2019appr\u00e9ciation du capital et \u00e0 fa\u00e7onner l\u2019avenir de l\u2019immobilier commercial en Suisse avec une approche dynamique.\" \/>\n<meta name=\"robots\" content=\"index, follow, max-snippet:-1, max-image-preview:large, max-video-preview:-1\" \/>\n<link rel=\"canonical\" href=\"https:\/\/swissreo.com\/fr\/\" \/>\n<meta property=\"og:locale\" content=\"fr_FR\" \/>\n<meta property=\"og:type\" content=\"article\" \/>\n<meta property=\"og:title\" content=\"Swiss Real Estate Opportunities - SREO\" \/>\n<meta property=\"og:description\" content=\"SREO vise \u00e0 maximiser l\u2019appr\u00e9ciation du capital et \u00e0 fa\u00e7onner l\u2019avenir de l\u2019immobilier commercial en Suisse avec une approche dynamique.\" \/>\n<meta property=\"og:url\" content=\"https:\/\/swissreo.com\/fr\/\" \/>\n<meta property=\"og:site_name\" content=\"SREO\" \/>\n<meta property=\"article:modified_time\" content=\"2024-12-06T13:31:34+00:00\" \/>\n<meta property=\"og:image\" content=\"https:\/\/swissreo.com\/wp-content\/uploads\/2023\/11\/Social-Graph.jpg\" \/>\n\t<meta property=\"og:image:width\" content=\"1200\" \/>\n\t<meta property=\"og:image:height\" content=\"630\" \/>\n\t<meta property=\"og:image:type\" content=\"image\/jpeg\" \/>\n<meta name=\"twitter:card\" content=\"summary_large_image\" \/>\n<script type=\"application\/ld+json\" class=\"yoast-schema-graph\">{\"@context\":\"https:\/\/schema.org\",\"@graph\":[{\"@type\":\"WebPage\",\"@id\":\"https:\/\/swissreo.com\/fr\/\",\"url\":\"https:\/\/swissreo.com\/fr\/\",\"name\":\"Swiss Real Estate Opportunities - SREO\",\"isPartOf\":{\"@id\":\"https:\/\/swissreo.com\/fr\/#website\"},\"datePublished\":\"2023-10-24T13:10:36+00:00\",\"dateModified\":\"2024-12-06T13:31:34+00:00\",\"description\":\"SREO vise \u00e0 maximiser l\u2019appr\u00e9ciation du capital et \u00e0 fa\u00e7onner l\u2019avenir de l\u2019immobilier commercial en Suisse avec une approche dynamique.\",\"breadcrumb\":{\"@id\":\"https:\/\/swissreo.com\/fr\/#breadcrumb\"},\"inLanguage\":\"fr-FR\",\"potentialAction\":[{\"@type\":\"ReadAction\",\"target\":[\"https:\/\/swissreo.com\/fr\/\"]}]},{\"@type\":\"BreadcrumbList\",\"@id\":\"https:\/\/swissreo.com\/fr\/#breadcrumb\",\"itemListElement\":[{\"@type\":\"ListItem\",\"position\":1,\"name\":\"Home\",\"item\":\"https:\/\/swissreo.com\/fr\/\"},{\"@type\":\"ListItem\",\"position\":2,\"name\":\"Home\"}]},{\"@type\":\"WebSite\",\"@id\":\"https:\/\/swissreo.com\/fr\/#website\",\"url\":\"https:\/\/swissreo.com\/fr\/\",\"name\":\"SREO\",\"description\":\"\",\"publisher\":{\"@id\":\"https:\/\/swissreo.com\/fr\/#organization\"},\"potentialAction\":[{\"@type\":\"SearchAction\",\"target\":{\"@type\":\"EntryPoint\",\"urlTemplate\":\"https:\/\/swissreo.com\/fr\/?s={search_term_string}\"},\"query-input\":{\"@type\":\"PropertyValueSpecification\",\"valueRequired\":true,\"valueName\":\"search_term_string\"}}],\"inLanguage\":\"fr-FR\"},{\"@type\":\"Organization\",\"@id\":\"https:\/\/swissreo.com\/fr\/#organization\",\"name\":\"Swiss Real Estate Opportunities\",\"url\":\"https:\/\/swissreo.com\/fr\/\",\"logo\":{\"@type\":\"ImageObject\",\"inLanguage\":\"fr-FR\",\"@id\":\"https:\/\/swissreo.com\/fr\/#\/schema\/logo\/image\/\",\"url\":\"https:\/\/swissreo.com\/wp-content\/uploads\/2024\/02\/sreo-logo.png\",\"contentUrl\":\"https:\/\/swissreo.com\/wp-content\/uploads\/2024\/02\/sreo-logo.png\",\"width\":696,\"height\":696,\"caption\":\"Swiss Real Estate Opportunities\"},\"image\":{\"@id\":\"https:\/\/swissreo.com\/fr\/#\/schema\/logo\/image\/\"}}]}<\/script>\n<!-- \/ Yoast SEO plugin. -->","yoast_head_json":{"title":"Swiss Real Estate Opportunities - SREO","description":"SREO vise \u00e0 maximiser l\u2019appr\u00e9ciation du capital et \u00e0 fa\u00e7onner l\u2019avenir de l\u2019immobilier commercial en Suisse avec une approche dynamique.","robots":{"index":"index","follow":"follow","max-snippet":"max-snippet:-1","max-image-preview":"max-image-preview:large","max-video-preview":"max-video-preview:-1"},"canonical":"https:\/\/swissreo.com\/fr\/","og_locale":"fr_FR","og_type":"article","og_title":"Swiss Real Estate Opportunities - SREO","og_description":"SREO vise \u00e0 maximiser l\u2019appr\u00e9ciation du capital et \u00e0 fa\u00e7onner l\u2019avenir de l\u2019immobilier commercial en Suisse avec une approche dynamique.","og_url":"https:\/\/swissreo.com\/fr\/","og_site_name":"SREO","article_modified_time":"2024-12-06T13:31:34+00:00","og_image":[{"width":1200,"height":630,"url":"https:\/\/swissreo.com\/wp-content\/uploads\/2023\/11\/Social-Graph.jpg","type":"image\/jpeg"}],"twitter_card":"summary_large_image","schema":{"@context":"https:\/\/schema.org","@graph":[{"@type":"WebPage","@id":"https:\/\/swissreo.com\/fr\/","url":"https:\/\/swissreo.com\/fr\/","name":"Swiss Real Estate Opportunities - SREO","isPartOf":{"@id":"https:\/\/swissreo.com\/fr\/#website"},"datePublished":"2023-10-24T13:10:36+00:00","dateModified":"2024-12-06T13:31:34+00:00","description":"SREO vise \u00e0 maximiser l\u2019appr\u00e9ciation du capital et \u00e0 fa\u00e7onner l\u2019avenir de l\u2019immobilier commercial en Suisse avec une approche dynamique.","breadcrumb":{"@id":"https:\/\/swissreo.com\/fr\/#breadcrumb"},"inLanguage":"fr-FR","potentialAction":[{"@type":"ReadAction","target":["https:\/\/swissreo.com\/fr\/"]}]},{"@type":"BreadcrumbList","@id":"https:\/\/swissreo.com\/fr\/#breadcrumb","itemListElement":[{"@type":"ListItem","position":1,"name":"Home","item":"https:\/\/swissreo.com\/fr\/"},{"@type":"ListItem","position":2,"name":"Home"}]},{"@type":"WebSite","@id":"https:\/\/swissreo.com\/fr\/#website","url":"https:\/\/swissreo.com\/fr\/","name":"SREO","description":"","publisher":{"@id":"https:\/\/swissreo.com\/fr\/#organization"},"potentialAction":[{"@type":"SearchAction","target":{"@type":"EntryPoint","urlTemplate":"https:\/\/swissreo.com\/fr\/?s={search_term_string}"},"query-input":{"@type":"PropertyValueSpecification","valueRequired":true,"valueName":"search_term_string"}}],"inLanguage":"fr-FR"},{"@type":"Organization","@id":"https:\/\/swissreo.com\/fr\/#organization","name":"Swiss Real Estate Opportunities","url":"https:\/\/swissreo.com\/fr\/","logo":{"@type":"ImageObject","inLanguage":"fr-FR","@id":"https:\/\/swissreo.com\/fr\/#\/schema\/logo\/image\/","url":"https:\/\/swissreo.com\/wp-content\/uploads\/2024\/02\/sreo-logo.png","contentUrl":"https:\/\/swissreo.com\/wp-content\/uploads\/2024\/02\/sreo-logo.png","width":696,"height":696,"caption":"Swiss Real Estate Opportunities"},"image":{"@id":"https:\/\/swissreo.com\/fr\/#\/schema\/logo\/image\/"}}]}},"_links":{"self":[{"href":"https:\/\/swissreo.com\/fr\/wp-json\/wp\/v2\/pages\/7","targetHints":{"allow":["GET"]}}],"collection":[{"href":"https:\/\/swissreo.com\/fr\/wp-json\/wp\/v2\/pages"}],"about":[{"href":"https:\/\/swissreo.com\/fr\/wp-json\/wp\/v2\/types\/page"}],"author":[{"embeddable":true,"href":"https:\/\/swissreo.com\/fr\/wp-json\/wp\/v2\/users\/1"}],"replies":[{"embeddable":true,"href":"https:\/\/swissreo.com\/fr\/wp-json\/wp\/v2\/comments?post=7"}],"version-history":[{"count":0,"href":"https:\/\/swissreo.com\/fr\/wp-json\/wp\/v2\/pages\/7\/revisions"}],"wp:attachment":[{"href":"https:\/\/swissreo.com\/fr\/wp-json\/wp\/v2\/media?parent=7"}],"curies":[{"name":"wp","href":"https:\/\/api.w.org\/{rel}","templated":true}]}}