{"id":99,"date":"2023-10-25T13:44:22","date_gmt":"2023-10-25T13:44:22","guid":{"rendered":"http:\/\/sreo.wpenginepowered.com\/?page_id=99"},"modified":"2024-12-09T10:13:14","modified_gmt":"2024-12-09T10:13:14","slug":"a-propos","status":"publish","type":"page","link":"https:\/\/swissreo.com\/fr\/a-propos\/","title":{"rendered":"A propos"},"content":{"rendered":"\t<section  class=\"section hero hero-inner bg-grey-light\">\r\n\t\t<div class=\"intro\">\r\n\t\t\t\t\t\t\t<div class=\"container-fluid\">\r\n\t\t\t\t\t<div class=\"relative\">\r\n\t\t\t\t\t\t<div class=\"intro-visual\">\r\n\t\t\t\t\t\t\t\t\t<img\r\n\t\t\t\t\t\tsrc=\"\r\n\t\t\t\thttps:\/\/swissreo.com\/wp-content\/uploads\/2023\/12\/SREO_about-img01.jpg\"\r\n\t\t\t\tsrcset=\"https:\/\/swissreo.com\/wp-content\/uploads\/2023\/12\/SREO_about-img01.jpg 1x,\r\n\t\t\t\thttps:\/\/swissreo.com\/wp-content\/uploads\/2023\/12\/SREO_about-img01@2x.jpg 2x\r\n\t\t\t\t\t\t\t\"\r\n\t\t\talt=\"\"\r\n\t\t\/>\r\n\t\t\t\t\t\t\t<\/div>\r\n\t\t\t\t\t<\/div>\r\n\t\t\t\t<\/div>\r\n\t\t\t\t\t\t<div class=\"container-lg\">\r\n\t\t\t\t<div class=\"intro-content\" data-aos=\"fade-zoom-in\">\r\n\t\t\t\t\t<div class=\"heading\">\r\n\t\t\t\t\t\t\t\t\t\t\t\t\t<h1>\r\n\t\t\t\t\t\t\t\t<span>A propos <\/span>\r\n\t\t\t\t\t\t\t<\/h1>\r\n\t\t\t\t\t\t\t<span class=\"decor\r\n\t\t\t\t\t\t\t\t decor-top-right\t\t\t\t\t\t\t\">\r\n\t\t\t\t\t\t\t\t<svg width=\"383\" height=\"380\" viewBox=\"0 0 383 380\" fill=\"none\" xmlns=\"http:\/\/www.w3.org\/2000\/svg\">\r\n\t\t\t\t\t\t\t\t\t<path\r\n\t\t\t\t\t\t\t\t\t\tfill-rule=\"evenodd\"\r\n\t\t\t\t\t\t\t\t\t\tclip-rule=\"evenodd\"\r\n\t\t\t\t\t\t\t\t\t\td=\"M137.88 0H245.12V136.8H383V243.2H245.12V380H137.88V243.2H0V136.8H137.88V0Z\"\r\n\t\t\t\t\t\t\t\t\t\tfill=\"white\"\r\n\t\t\t\t\t\t\t\t\t\/>\r\n\t\t\t\t\t\t\t\t<\/svg>\r\n\t\t\t\t\t\t\t<\/span>\r\n\t\t\t\t\t\t\t\t\t\t\t<\/div>\r\n\t\t\t\t<\/div>\r\n\t\t\t<\/div>\r\n\t\t<\/div>\r\n\t\t\t\t\t<div class=\"headchapter \" id=\"headchapter\" data-aos=\"fade-zoom-in\">\r\n\t\t\t\t<div class=\"container\">\r\n\t\t\t\t\t<div class=\"row\">\r\n\t\t\t\t\t\t<div class=\"col-12\">\r\n\t\t\t\t\t\t\t<div class=\"heading\">\r\n\t\t\t\t\t\t\t\t\t\t\t\t\t\t\t\t\t<div class=\"text text-xl\">\r\n\t\t\t\t\t\t\t\t\t\t<p>AB ALTERNATIVE FUND SICAV-SIF \u2013 SWISS REAL ESTATE OPPORTUNITIES sub-fund (SREO) est un fonds d\u2019investissement sp\u00e9cialis\u00e9 (SIF) structur\u00e9 en tant que Soci\u00e9t\u00e9 d\u2019investissement \u00e0 capital variable (SICAV-SIF) au Luxembourg. Pour cr\u00e9er et g\u00e9rer ce fonds d&rsquo;investissement novateur, Swissroc et Arab Bank Switzerland ont unis les talents compl\u00e9mentaires de leurs \u00e9quipes. Cette alliance strat\u00e9gique au service des investisseurs propose une vision unique pour des opportunit\u00e9s fructueuses.<\/p>\n\t\t\t\t\t\t\t\t\t<\/div>\r\n\t\t\t\t\t\t\t\t\t\t\t\t\t\t\t<\/div>\r\n\t\t\t\t\t\t<\/div>\r\n\t\t\t\t\t<\/div>\r\n\t\t\t\t\t\t\t\t\t<\/div>\r\n\t\t\t<\/div>\r\n\t\t\t<\/section>\r\n\n\n\t<section  class=\"section vision bg-grey-light\">\r\n\t\t<div class=\"container\" data-aos=\"fade-zoom-in\">\r\n\t\t\t\t\t\t\t<div class=\"row\">\r\n\t\t\t\t\t<div class=\"col-12\">\r\n\t\t\t\t\t\t<div class=\"heading\">\r\n\t\t\t\t\t\t\t\t\t\t\t\t\t\t\t<h2>Vision<\/h2>\r\n\t\t\t\t\t\t\t\t\t\t\t\t\t\t\t<div class=\"text\">\r\n\t\t\t\t\t\t\t\t\t<p>La strat\u00e9gie d\u2019investissement se concentre sur l&rsquo;immobilier commerciale suisse. SREO offre une diversification r\u00e9gionale et sectorielle \u00e0 travers toute la Suisse. La priorit\u00e9 est donn\u00e9e aux immeubles pr\u00e9sentants un vrai potentiel de cr\u00e9ation de valeur majoritairement issu d\u2019un repositionnement d&rsquo;affectation strat\u00e9gique. SREO vise \u00e0 d\u00e9livrer un TRI net de 12 % et plus pour ses investisseurs.<\/p>\n\t\t\t\t\t\t\t\t<\/div>\r\n\t\t\t\t\t\t\t\t\t\t\t\t\t<\/div>\r\n\t\t\t\t\t<\/div>\r\n\t\t\t\t<\/div>\r\n\t\t\t\t\t\t\t<div class=\"row two-col\">\r\n\t\t\t\t\t\t\t\t\t\t\t<div class=\"col-12 col-lg-6\">\r\n\t\t\t\t\t\t\t<div class=\"heading\">\r\n\t\t\t\t\t\t\t\t\t\t\t\t\t\t\t\t\t<h5>Un partenariat exclusif<\/h5>\r\n\t\t\t\t\t\t\t\t\t\t\t\t\t\t\t\t\t<div class=\"text text-md\">\r\n\t\t\t\t\t\t\t\t\t\t<p>Swissroc et Arab Bank Switzerland ont d\u00e9cid\u00e9 d&rsquo;unir leurs comp\u00e9tences pour donner naissance \u00e0 un fonds d&rsquo;investissement novateur sur le march\u00e9 suisse. Cette alliance strat\u00e9gique r\u00e9unit deux \u00e9quipes d&rsquo;experts compl\u00e9mentaires. D\u00e9couvrez comment cette union ouvre la voie \u00e0 de nouvelles opportunit\u00e9s uniques.<\/p>\n\t\t\t\t\t\t\t\t\t<\/div>\r\n\t\t\t\t\t\t\t\t\t\t\t\t\t\t\t<\/div>\r\n\t\t\t\t\t\t<\/div>\r\n\t\t\t\t\t\t\t\t\t\t\t<div class=\"col-12 col-lg-6\">\r\n\t\t\t\t\t\t\t<div class=\"heading\">\r\n\t\t\t\t\t\t\t\t\t\t\t\t\t\t\t\t\t<h5>Approche<\/h5>\r\n\t\t\t\t\t\t\t\t\t\t\t\t\t\t\t\t\t<div class=\"text text-md\">\r\n\t\t\t\t\t\t\t\t\t\t<p>L\u2019approche de SREO repose sur une strat\u00e9gie de cr\u00e9ation de valeur ciblant les espaces immobiliers commerciaux dans toute la Suisse, les rendant accessibles \u00e9galement aux investisseurs \u00e9trangers. Une attention particuli\u00e8re est donn\u00e9e aux propri\u00e9t\u00e9s pr\u00e9sentant un fort potentiel de cr\u00e9ation de valeur, \u00e0 travers des repositionnements strat\u00e9giques, des d\u00e9veloppements, des r\u00e9novations compl\u00e8tes, etc. <\/p>\n\t\t\t\t\t\t\t\t\t<\/div>\r\n\t\t\t\t\t\t\t\t\t\t\t\t\t\t\t<\/div>\r\n\t\t\t\t\t\t<\/div>\r\n\t\t\t\t\t\t\t\t\t<\/div>\r\n\t\t\t\t\t<\/div>\r\n\t<\/section>\r\n\n\n\t<section  class=\"section arbabank\">\r\n\t\t<div class=\"container\">\r\n\t\t\t\t\t\t\t<div class=\"row\" data-aos=\"fade-zoom-in\">\r\n\t\t\t\t\t<div class=\"col-12\">\r\n\t\t\t\t\t\t<div class=\"logo\">\r\n\t\t\t\t\t\t\t\t\t<img\r\n\t\t\t\t\t\tsrc=\"https:\/\/swissreo.com\/wp-content\/uploads\/2023\/11\/about-logo01-1.svg\"\r\n\t\t\talt=\"image description\"\r\n\t\t\/>\r\n\t\t\t\t\t\t\t<\/div>\r\n\t\t\t\t\t<\/div>\r\n\t\t\t\t<\/div>\r\n\t\t\t\t\t\t\t<div class=\"row two-col\" data-aos=\"fade-zoom-in\">\r\n\t\t\t\t\t\t\t\t\t\t\t<div class=\"col-12 col-lg-6\">\r\n\t\t\t\t\t\t\t<div class=\"heading\">\r\n\t\t\t\t\t\t\t\t<div class=\"text\">\r\n\t\t\t\t\t\t\t\t\t<p>Arab Bank (Switzerland) SA est une banque suisse r\u00e9gul\u00e9e par la FINMA, dont le si\u00e8ge est \u00e0 Gen\u00e8ve, proposant des services de gestion de patrimoine traditionnels pour une client\u00e8le fortun\u00e9es. En 2022, Arab Bank (Suisse) SA et Gonet &amp; Cie SA ont sign\u00e9 un accord de partenariat strat\u00e9gique, combinant leurs produits et services dans l\u2019int\u00e9r\u00eat de leurs clients respectifs. <\/p>\n\t\t\t\t\t\t\t\t<\/div>\r\n\t\t\t\t\t\t\t<\/div>\r\n\t\t\t\t\t\t<\/div>\r\n\t\t\t\t\t\t\t\t\t\t\t<div class=\"col-12 col-lg-6\">\r\n\t\t\t\t\t\t\t<div class=\"heading\">\r\n\t\t\t\t\t\t\t\t<div class=\"text\">\r\n\t\t\t\t\t\t\t\t\t<p>Le nouveau groupe bancaire est un acteur important de l\u2019industrie suisse de la gestion de patrimoine et de la banque priv\u00e9e, avec des actifs sous gestion sup\u00e9rieurs \u00e0 11 milliards de francs suisses et un capital de plus de 600 millions de francs suisses. Le gestionnaire de portefeuille poss\u00e8de, en outre, une exp\u00e9rience av\u00e9r\u00e9e depuis 2015 dans la gestion de fonds immobiliers \u00e0 travers l\u2019Europe, et plus r\u00e9cemment dans la structuration de transactions immobili\u00e8res en club deals en Suisse pour une valeur d\u00e9passant 400 millions de francs suisses.<\/p>\n\t\t\t\t\t\t\t\t<\/div>\r\n\t\t\t\t\t\t\t<\/div>\r\n\t\t\t\t\t\t<\/div>\r\n\t\t\t\t\t\t\t\t\t<\/div>\r\n\t\t\t\t\t\t\t<div class=\"row\" data-aos=\"fade-zoom-in\">\r\n\t\t\t\t\t<div class=\"col-12\">\r\n\t\t\t\t\t\t<div class=\"heading\">\r\n\t\t\t\t\t\t\t<h4 class=\"text-primary\">Portfolio track record<\/h4>\r\n\t\t\t\t\t\t<\/div>\r\n\t\t\t\t\t<\/div>\r\n\t\t\t\t<\/div>\r\n\t\t\t\t\t\t\t<div class=\"row\" data-aos=\"fade-zoom-in\">\r\n\t\t\t\t\t\t\t\t\t\t\t\t<div class=\"col-12 col-md-6 col-lg-4\">\r\n\t\t\t\t\t\t\t\t<div class=\"key-item\">\r\n\t\t\t\t\t\t\t\t\t\t\t\t\t\t\t\t\t\t\t<div class=\"ttl ttl-md\">Immeuble de bureaux \u00e0 Wiesbaden<\/div>\r\n\t\t\t\t\t\t\t\t\t\t\t\t\t\t\t\t\t\t\t<p class=\"text-md\">\r\n\t\t\t\t\t\t\t\t\t\t\t32% de TRI net, multiple de fonds propres de 3,1, rendement de distribution de 8,5%\t\t\t\t\t\t\t\t\t\t<\/p>\r\n\t\t\t\t\t\t\t\t\t\t\t\t\t\t\t\t\t<\/div>\r\n\t\t\t\t\t\t\t<\/div>\r\n\t\t\t\t\t\t\t\t\t\t\t\t\t<div class=\"col-12 col-md-6 col-lg-4\">\r\n\t\t\t\t\t\t\t\t<div class=\"key-item\">\r\n\t\t\t\t\t\t\t\t\t\t\t\t\t\t\t\t\t\t\t<div class=\"ttl ttl-md\">Repositionnement d&rsquo;un entrep\u00f4t \u00e0 Melzo (Italie)<\/div>\r\n\t\t\t\t\t\t\t\t\t\t\t\t\t\t\t\t\t\t\t<p class=\"text-md\">\r\n\t\t\t\t\t\t\t\t\t\t\t32% de TRI net, multiple de fonds propres de 1,5\t\t\t\t\t\t\t\t\t\t<\/p>\r\n\t\t\t\t\t\t\t\t\t\t\t\t\t\t\t\t\t<\/div>\r\n\t\t\t\t\t\t\t<\/div>\r\n\t\t\t\t\t\t\t\t\t\t\t\t\t<div class=\"col-12 col-md-6 col-lg-4\">\r\n\t\t\t\t\t\t\t\t<div class=\"key-item\">\r\n\t\t\t\t\t\t\t\t\t\t\t\t\t\t\t\t\t\t\t<div class=\"ttl ttl-md\">Actif logistique \u00e0 l&rsquo;a\u00e9roport de Schipol (Pays-Bas)<\/div>\r\n\t\t\t\t\t\t\t\t\t\t\t\t\t\t\t\t\t\t\t<p class=\"text-md\">\r\n\t\t\t\t\t\t\t\t\t\t\t20% de TRI net, multiple de fonds propres de 1,8\t\t\t\t\t\t\t\t\t\t<\/p>\r\n\t\t\t\t\t\t\t\t\t\t\t\t\t\t\t\t\t<\/div>\r\n\t\t\t\t\t\t\t<\/div>\r\n\t\t\t\t\t\t\t\t\t\t\t\t\t<div class=\"col-12 col-md-6 col-lg-4\">\r\n\t\t\t\t\t\t\t\t<div class=\"key-item\">\r\n\t\t\t\t\t\t\t\t\t\t\t\t\t\t\t\t\t\t\t<div class=\"ttl ttl-md\">2 club-deals en Suisse<\/div>\r\n\t\t\t\t\t\t\t\t\t\t\t\t\t\t\t\t\t\t\t<p class=\"text-md\">\r\n\t\t\t\t\t\t\t\t\t\t\tLancement de 2 club-deals en Suisse. Un \u00e0 Renens et un \u00e0 Vernier\t\t\t\t\t\t\t\t\t\t<\/p>\r\n\t\t\t\t\t\t\t\t\t\t\t\t\t\t\t\t\t<\/div>\r\n\t\t\t\t\t\t\t<\/div>\r\n\t\t\t\t\t\t\t\t\t\t\t\t\t<div class=\"col-12 col-md-6 col-lg-4\">\r\n\t\t\t\t\t\t\t\t<div class=\"key-item\">\r\n\t\t\t\t\t\t\t\t\t\t\t\t\t\t\t\t\t\t\t<div class=\"ttl ttl-md\">Luxembourg<\/div>\r\n\t\t\t\t\t\t\t\t\t\t\t\t\t\t\t\t\t\t\t<p class=\"text-md\">\r\n\t\t\t\t\t\t\t\t\t\t\tGestion d&rsquo;un fonds ombrelle immobilier au Luxembourg\t\t\t\t\t\t\t\t\t\t<\/p>\r\n\t\t\t\t\t\t\t\t\t\t\t\t\t\t\t\t\t<\/div>\r\n\t\t\t\t\t\t\t<\/div>\r\n\t\t\t\t\t\t\t\t\t\t<\/div>\r\n\t\t\t\t\t<\/div>\r\n\t<\/section>\r\n\n\n\t<section  class=\"section swissroc top-image bg-dark\">\r\n\t\t\t\t\t<div class=\"container-fluid\">\r\n\t\t\t\t<div class=\"swissroc-image section-top-image\" data-aos=\"fade-zoom-in\">\r\n\t\t\t\t\t<div class=\"img-holder\">\r\n\t\t\t\t\t\t\t\t<img\r\n\t\t\t\t\t\tsrc=\"\r\n\t\t\t\thttps:\/\/swissreo.com\/wp-content\/uploads\/2023\/12\/SREO_about-img02.jpg\"\r\n\t\t\t\tsrcset=\"https:\/\/swissreo.com\/wp-content\/uploads\/2023\/12\/SREO_about-img02.jpg 1x,\r\n\t\t\t\thttps:\/\/swissreo.com\/wp-content\/uploads\/2023\/12\/SREO_about-img02@2x.jpg 2x\r\n\t\t\t\t\t\t\t\"\r\n\t\t\talt=\"\"\r\n\t\t\/>\r\n\t\t\t\t\t\t<\/div>\r\n\t\t\t\t\t<div class=\"img-decor\">\r\n\t\t\t\t\t\t<div class=\"top top-column\">\r\n\t\t\t\t\t\t\t<span class=\"decor decor-white\"><\/span>\r\n\t\t\t\t\t\t\t<span class=\"decor decor-dark\"><\/span>\r\n\t\t\t\t\t\t<\/div>\r\n\t\t\t\t\t\t<div class=\"bottom bottom-row\">\r\n\t\t\t\t\t\t\t<span class=\"decor decor-dark\"><\/span>\r\n\t\t\t\t\t\t\t<span class=\"decor decor-dark\"><\/span>\r\n\t\t\t\t\t\t<\/div>\r\n\t\t\t\t\t<\/div>\r\n\t\t\t\t<\/div>\r\n\t\t\t<\/div>\r\n\t\t\t\t<div class=\"container\" data-aos=\"fade-zoom-in\">\r\n\t\t\t\t\t\t\t<div class=\"row\" data-aos=\"fade-zoom-in\">\r\n\t\t\t\t\t<div class=\"col-12\">\r\n\t\t\t\t\t\t<div class=\"logo\">\r\n\t\t\t\t\t\t\t\t\t<img\r\n\t\t\t\t\t\tsrc=\"https:\/\/swissreo.com\/wp-content\/uploads\/2023\/10\/logo02.svg\"\r\n\t\t\talt=\"image description\"\r\n\t\t\/>\r\n\t\t\t\t\t\t\t<\/div>\r\n\t\t\t\t\t<\/div>\r\n\t\t\t\t<\/div>\r\n\t\t\t\t\t\t\t<div class=\"row two-col\" data-aos=\"fade-zoom-in\">\r\n\t\t\t\t\t\t\t\t\t\t\t<div class=\"col-12 col-lg-6\">\r\n\t\t\t\t\t\t\t<div class=\"heading\">\r\n\t\t\t\t\t\t\t\t<div class=\"text\">\r\n\t\t\t\t\t\t\t\t\t<p>R\u00e9put\u00e9e pour son expertise et son ensemble de comp\u00e9tences vari\u00e9es couvrant l\u2019ensemble de la cha\u00eene de valeur immobili\u00e8re, Swissroc Asset Management SA s\u2019est impos\u00e9 comme un partenaire de confiance \u00e0 la fois pour les clients institutionnels et priv\u00e9s. <\/p>\n\t\t\t\t\t\t\t\t<\/div>\r\n\t\t\t\t\t\t\t<\/div>\r\n\t\t\t\t\t\t<\/div>\r\n\t\t\t\t\t\t\t\t\t\t\t<div class=\"col-12 col-lg-6\">\r\n\t\t\t\t\t\t\t<div class=\"heading\">\r\n\t\t\t\t\t\t\t\t<div class=\"text\">\r\n\t\t\t\t\t\t\t\t\t<p>Sp\u00e9cialis\u00e9e dans l\u2019organisation, la structuration et la gestion active d\u2019opportunit\u00e9s d\u2019investissement immobilier, de projets et de produits, Swissroc Asset Management SA se positionne fi\u00e8rement en tant que gestionnaire d\u2019actifs local. Son \u00e9quipe exp\u00e9riment\u00e9e a fait ses preuves en mati\u00e8re d\u2019identification et de concr\u00e9tisation d\u2019opportunit\u00e9s immobili\u00e8res en Suisse.<\/p>\n\t\t\t\t\t\t\t\t<\/div>\r\n\t\t\t\t\t\t\t<\/div>\r\n\t\t\t\t\t\t<\/div>\r\n\t\t\t\t\t\t\t\t\t<\/div>\r\n\t\t\t\t\t\t\t<div class=\"row\">\r\n\t\t\t\t\t<div class=\"col-12\">\r\n\t\t\t\t\t\t<div class=\"heading\">\r\n\t\t\t\t\t\t\t<h4>Asset manager track record<\/h4>\r\n\t\t\t\t\t\t<\/div>\r\n\t\t\t\t\t<\/div>\r\n\t\t\t\t<\/div>\r\n\t\t\t\t\t\t\t<div class=\"row\" data-aos=\"fade-zoom-in\">\r\n\t\t\t\t\t\t\t\t\t\t\t\t<div class=\"col-12 col-md-6 col-lg-4\">\r\n\t\t\t\t\t\t\t\t<div class=\"key-item\">\r\n\t\t\t\t\t\t\t\t\t\t\t\t\t\t\t\t\t\t\t<div class=\"ttl ttl-sm\">SIO<\/div>\r\n\t\t\t\t\t\t\t\t\t\t\t\t\t\t\t\t\t\t<p>Swissroc Industrial Opportunities (CH) SA poss\u00e8de, g\u00e8re et exploite un portefeuille diversifi\u00e9 d\u2019actifs logistiques et industriels l\u00e9gers en Suisse.<br \/>\nLe portefeuille est compos\u00e9 de 16 actifs immobiliers. Il est g\u00e9r\u00e9 activement par Swissroc Asset Managment et repr\u00e9sente plus de 200m d&rsquo;ASG. sio-ch.com<\/p>\n\t\t\t\t\t\t\t\t<\/div>\r\n\t\t\t\t\t\t\t<\/div>\r\n\t\t\t\t\t\t\t\t\t\t\t\t\t<div class=\"col-12 col-md-6 col-lg-4\">\r\n\t\t\t\t\t\t\t\t<div class=\"key-item\">\r\n\t\t\t\t\t\t\t\t\t\t\t\t\t\t\t\t\t\t\t<div class=\"ttl ttl-sm\">NEAVITA<\/div>\r\n\t\t\t\t\t\t\t\t\t\t\t\t\t\t\t\t\t\t<p>Swissroc Asset Management lance en 2024 un nouveau produit d&rsquo;investissement qui mise sur les r\u00e9sidences multi-g\u00e9n\u00e9rationnelles. Il s&rsquo;agira d&rsquo;une opportunit\u00e9 tr\u00e8s sp\u00e9cifique, r\u00e9pondant \u00e0 l&rsquo;\u00e9quation complexe de la population vieillissante, du nouveau style de vie en communaut\u00e9 et de la p\u00e9nurie syst\u00e9matique de logements.<\/p>\n\t\t\t\t\t\t\t\t<\/div>\r\n\t\t\t\t\t\t\t<\/div>\r\n\t\t\t\t\t\t\t\t\t\t\t\t\t<div class=\"col-12 col-md-6 col-lg-4\">\r\n\t\t\t\t\t\t\t\t<div class=\"key-item\">\r\n\t\t\t\t\t\t\t\t\t\t\t\t\t\t\t\t\t\t\t<div class=\"ttl ttl-sm\">Investissement direct (Club Deals)<\/div>\r\n\t\t\t\t\t\t\t\t\t\t\t\t\t\t\t\t\t\t<p>Au cours des derni\u00e8res ann\u00e9es, Swissroc Asset Management a r\u00e9ussi \u00e0 acqu\u00e9rir et \u00e0 concr\u00e9tiser des opportunit\u00e9s directes (r\u00e9sidentielles, de bureaux et commerciales) repr\u00e9sentant plus de 100 millions de francs suisses d&rsquo;actifs sous gestion avec un TRI sup\u00e9rieur \u00e0 15%.<\/p>\n\t\t\t\t\t\t\t\t<\/div>\r\n\t\t\t\t\t\t\t<\/div>\r\n\t\t\t\t\t\t\t\t\t\t<\/div>\r\n\t\t\t\t\t<\/div>\r\n\t<\/section>\r\n\n\n\t<section  class=\"section cta bg-cream\" data-aos=\"fade-zoom-in\">\r\n\t\t<div class=\"container\">\r\n\t\t\t<div class=\"row\">\r\n\t\t\t\t<div class=\"col-12\">\r\n\t\t\t\t\t<div class=\"heading text-center\">\r\n\t\t\t\t\t\t\t\t\t\t\t\t\t<h3 class=\"light\">Pour plus d&rsquo;information<\/h3>\r\n\t\t\t\t\t\t<a href=\"\/fr\/contact\/#anchor-contact-form\" class=\"btn btn-primary\">Prenez contact <\/a>\t\t\t\t\t<\/div>\r\n\t\t\t\t<\/div>\r\n\t\t\t<\/div>\r\n\t\t<\/div>\r\n\t<\/section>\r\n","protected":false},"excerpt":{"rendered":"","protected":false},"author":1,"featured_media":0,"parent":0,"menu_order":0,"comment_status":"closed","ping_status":"closed","template":"templates\/custom-template.php","meta":{"_acf_changed":false,"footnotes":""},"class_list":["post-99","page","type-page","status-publish","hentry"],"acf":[],"yoast_head":"<!-- This site is optimized with the Yoast SEO plugin v25.7 - https:\/\/yoast.com\/wordpress\/plugins\/seo\/ -->\n<title>A propos - SREO<\/title>\n<meta name=\"description\" content=\"Pour cr\u00e9er et g\u00e9rer ce fonds d\u2019investissement, Swissroc et Arab Bank Switzerland ont unis les talents compl\u00e9mentaires de leurs \u00e9quipes.\" \/>\n<meta name=\"robots\" content=\"index, follow, max-snippet:-1, max-image-preview:large, max-video-preview:-1\" \/>\n<link rel=\"canonical\" href=\"https:\/\/swissreo.com\/fr\/a-propos\/\" \/>\n<meta property=\"og:locale\" content=\"fr_FR\" \/>\n<meta property=\"og:type\" content=\"article\" \/>\n<meta property=\"og:title\" content=\"A propos - SREO\" \/>\n<meta property=\"og:description\" content=\"Pour cr\u00e9er et g\u00e9rer ce fonds d\u2019investissement, Swissroc et Arab Bank Switzerland ont unis les talents compl\u00e9mentaires de leurs \u00e9quipes.\" \/>\n<meta property=\"og:url\" content=\"https:\/\/swissreo.com\/fr\/a-propos\/\" \/>\n<meta property=\"og:site_name\" content=\"SREO\" \/>\n<meta property=\"article:modified_time\" content=\"2024-12-09T10:13:14+00:00\" \/>\n<meta property=\"og:image\" content=\"https:\/\/swissreo.com\/wp-content\/uploads\/2023\/11\/Social-Graph.jpg\" \/>\n\t<meta property=\"og:image:width\" content=\"1200\" \/>\n\t<meta property=\"og:image:height\" content=\"630\" \/>\n\t<meta property=\"og:image:type\" content=\"image\/jpeg\" \/>\n<meta name=\"twitter:card\" content=\"summary_large_image\" \/>\n<script type=\"application\/ld+json\" class=\"yoast-schema-graph\">{\"@context\":\"https:\/\/schema.org\",\"@graph\":[{\"@type\":\"WebPage\",\"@id\":\"https:\/\/swissreo.com\/fr\/a-propos\/\",\"url\":\"https:\/\/swissreo.com\/fr\/a-propos\/\",\"name\":\"A propos - SREO\",\"isPartOf\":{\"@id\":\"https:\/\/swissreo.com\/fr\/#website\"},\"datePublished\":\"2023-10-25T13:44:22+00:00\",\"dateModified\":\"2024-12-09T10:13:14+00:00\",\"description\":\"Pour cr\u00e9er et g\u00e9rer ce fonds d\u2019investissement, Swissroc et Arab Bank Switzerland ont unis les talents compl\u00e9mentaires de leurs \u00e9quipes.\",\"breadcrumb\":{\"@id\":\"https:\/\/swissreo.com\/fr\/a-propos\/#breadcrumb\"},\"inLanguage\":\"fr-FR\",\"potentialAction\":[{\"@type\":\"ReadAction\",\"target\":[\"https:\/\/swissreo.com\/fr\/a-propos\/\"]}]},{\"@type\":\"BreadcrumbList\",\"@id\":\"https:\/\/swissreo.com\/fr\/a-propos\/#breadcrumb\",\"itemListElement\":[{\"@type\":\"ListItem\",\"position\":1,\"name\":\"Home\",\"item\":\"https:\/\/swissreo.com\/fr\/\"},{\"@type\":\"ListItem\",\"position\":2,\"name\":\"A propos\"}]},{\"@type\":\"WebSite\",\"@id\":\"https:\/\/swissreo.com\/fr\/#website\",\"url\":\"https:\/\/swissreo.com\/fr\/\",\"name\":\"SREO\",\"description\":\"\",\"publisher\":{\"@id\":\"https:\/\/swissreo.com\/fr\/#organization\"},\"potentialAction\":[{\"@type\":\"SearchAction\",\"target\":{\"@type\":\"EntryPoint\",\"urlTemplate\":\"https:\/\/swissreo.com\/fr\/?s={search_term_string}\"},\"query-input\":{\"@type\":\"PropertyValueSpecification\",\"valueRequired\":true,\"valueName\":\"search_term_string\"}}],\"inLanguage\":\"fr-FR\"},{\"@type\":\"Organization\",\"@id\":\"https:\/\/swissreo.com\/fr\/#organization\",\"name\":\"Swiss Real Estate Opportunities\",\"url\":\"https:\/\/swissreo.com\/fr\/\",\"logo\":{\"@type\":\"ImageObject\",\"inLanguage\":\"fr-FR\",\"@id\":\"https:\/\/swissreo.com\/fr\/#\/schema\/logo\/image\/\",\"url\":\"https:\/\/swissreo.com\/wp-content\/uploads\/2024\/02\/sreo-logo.png\",\"contentUrl\":\"https:\/\/swissreo.com\/wp-content\/uploads\/2024\/02\/sreo-logo.png\",\"width\":696,\"height\":696,\"caption\":\"Swiss Real Estate Opportunities\"},\"image\":{\"@id\":\"https:\/\/swissreo.com\/fr\/#\/schema\/logo\/image\/\"}}]}<\/script>\n<!-- \/ Yoast SEO plugin. -->","yoast_head_json":{"title":"A propos - SREO","description":"Pour cr\u00e9er et g\u00e9rer ce fonds d\u2019investissement, Swissroc et Arab Bank Switzerland ont unis les talents compl\u00e9mentaires de leurs \u00e9quipes.","robots":{"index":"index","follow":"follow","max-snippet":"max-snippet:-1","max-image-preview":"max-image-preview:large","max-video-preview":"max-video-preview:-1"},"canonical":"https:\/\/swissreo.com\/fr\/a-propos\/","og_locale":"fr_FR","og_type":"article","og_title":"A propos - SREO","og_description":"Pour cr\u00e9er et g\u00e9rer ce fonds d\u2019investissement, Swissroc et Arab Bank Switzerland ont unis les talents compl\u00e9mentaires de leurs \u00e9quipes.","og_url":"https:\/\/swissreo.com\/fr\/a-propos\/","og_site_name":"SREO","article_modified_time":"2024-12-09T10:13:14+00:00","og_image":[{"width":1200,"height":630,"url":"https:\/\/swissreo.com\/wp-content\/uploads\/2023\/11\/Social-Graph.jpg","type":"image\/jpeg"}],"twitter_card":"summary_large_image","schema":{"@context":"https:\/\/schema.org","@graph":[{"@type":"WebPage","@id":"https:\/\/swissreo.com\/fr\/a-propos\/","url":"https:\/\/swissreo.com\/fr\/a-propos\/","name":"A propos - SREO","isPartOf":{"@id":"https:\/\/swissreo.com\/fr\/#website"},"datePublished":"2023-10-25T13:44:22+00:00","dateModified":"2024-12-09T10:13:14+00:00","description":"Pour cr\u00e9er et g\u00e9rer ce fonds d\u2019investissement, Swissroc et Arab Bank Switzerland ont unis les talents compl\u00e9mentaires de leurs \u00e9quipes.","breadcrumb":{"@id":"https:\/\/swissreo.com\/fr\/a-propos\/#breadcrumb"},"inLanguage":"fr-FR","potentialAction":[{"@type":"ReadAction","target":["https:\/\/swissreo.com\/fr\/a-propos\/"]}]},{"@type":"BreadcrumbList","@id":"https:\/\/swissreo.com\/fr\/a-propos\/#breadcrumb","itemListElement":[{"@type":"ListItem","position":1,"name":"Home","item":"https:\/\/swissreo.com\/fr\/"},{"@type":"ListItem","position":2,"name":"A propos"}]},{"@type":"WebSite","@id":"https:\/\/swissreo.com\/fr\/#website","url":"https:\/\/swissreo.com\/fr\/","name":"SREO","description":"","publisher":{"@id":"https:\/\/swissreo.com\/fr\/#organization"},"potentialAction":[{"@type":"SearchAction","target":{"@type":"EntryPoint","urlTemplate":"https:\/\/swissreo.com\/fr\/?s={search_term_string}"},"query-input":{"@type":"PropertyValueSpecification","valueRequired":true,"valueName":"search_term_string"}}],"inLanguage":"fr-FR"},{"@type":"Organization","@id":"https:\/\/swissreo.com\/fr\/#organization","name":"Swiss Real Estate Opportunities","url":"https:\/\/swissreo.com\/fr\/","logo":{"@type":"ImageObject","inLanguage":"fr-FR","@id":"https:\/\/swissreo.com\/fr\/#\/schema\/logo\/image\/","url":"https:\/\/swissreo.com\/wp-content\/uploads\/2024\/02\/sreo-logo.png","contentUrl":"https:\/\/swissreo.com\/wp-content\/uploads\/2024\/02\/sreo-logo.png","width":696,"height":696,"caption":"Swiss Real Estate Opportunities"},"image":{"@id":"https:\/\/swissreo.com\/fr\/#\/schema\/logo\/image\/"}}]}},"_links":{"self":[{"href":"https:\/\/swissreo.com\/fr\/wp-json\/wp\/v2\/pages\/99","targetHints":{"allow":["GET"]}}],"collection":[{"href":"https:\/\/swissreo.com\/fr\/wp-json\/wp\/v2\/pages"}],"about":[{"href":"https:\/\/swissreo.com\/fr\/wp-json\/wp\/v2\/types\/page"}],"author":[{"embeddable":true,"href":"https:\/\/swissreo.com\/fr\/wp-json\/wp\/v2\/users\/1"}],"replies":[{"embeddable":true,"href":"https:\/\/swissreo.com\/fr\/wp-json\/wp\/v2\/comments?post=99"}],"version-history":[{"count":0,"href":"https:\/\/swissreo.com\/fr\/wp-json\/wp\/v2\/pages\/99\/revisions"}],"wp:attachment":[{"href":"https:\/\/swissreo.com\/fr\/wp-json\/wp\/v2\/media?parent=99"}],"curies":[{"name":"wp","href":"https:\/\/api.w.org\/{rel}","templated":true}]}}